{"id":2716,"date":"2025-07-02T15:16:10","date_gmt":"2025-07-02T13:16:10","guid":{"rendered":"https:\/\/inforesttimbers.com\/?post_type=product&#038;p=2716"},"modified":"2025-07-02T15:36:17","modified_gmt":"2025-07-02T13:36:17","slug":"oasis-25mm","status":"publish","type":"product","link":"https:\/\/inforesttimbers.com\/en\/producto\/oasis-25mm\/","title":{"rendered":"OASIS 25mm"},"content":{"rendered":"<p>Se trata de un modelo de c\u00e9sped artificial de\u00a0<strong>25 mm de altura<\/strong>, perfecto para zonas de uso intensivo. Por eso, elegir la altura correcta de c\u00e9sped artificial te ayudar\u00e1 a minimizar las horas que inviertes en su cuidado. Adem\u00e1s, lograr\u00e1s\u00a0 un\u00a0<strong>aspecto muy natural<\/strong>\u00a0en tu jard\u00edn gracias a su tecnolog\u00eda\u00a0<strong>Look&amp;Feel<\/strong>\u00a0que combina varios tipos de fibras, colores y alturas.<\/p>\n<p><strong>Uso recomendado:<\/strong>\u00a0Terrazas, Balcones, Piscinas, Patios, Mascotas, Jard\u00edn.<br \/>\n<strong>Tipo de uso:<\/strong>\u00a0tr\u00e1nsito alto<\/p>\n","protected":false},"excerpt":{"rendered":"<p>Se trata de un modelo de c\u00e9sped artificial de\u00a025 mm de altura, perfecto para zonas de uso intensivo. Por eso, elegir la altura correcta de c\u00e9sped artificial te ayudar\u00e1 a minimizar las horas que inviertes en su cuidado. Adem\u00e1s, lograr\u00e1s\u00a0 un\u00a0aspecto muy natural\u00a0en tu jard\u00edn gracias a su tecnolog\u00eda\u00a0Look&amp;Feel\u00a0que combina varios tipos de fibras, colores y alturas. Uso recomendado:\u00a0Terrazas, Balcones, Piscinas, Patios, Mascotas, Jard\u00edn. Tipo de uso:\u00a0tr\u00e1nsito alto<\/p>\n","protected":false},"featured_media":2717,"template":"","meta":[],"product_brand":[],"product_cat":[26,22],"product_tag":[],"class_list":{"0":"post-2716","1":"product","2":"type-product","3":"status-publish","4":"has-post-thumbnail","6":"product_cat-cesped-artificial","7":"product_cat-jardineria","9":"first","10":"instock","11":"shipping-taxable","12":"purchasable","13":"product-type-simple"},"yoast_head":"<!-- This site is optimized with the Yoast SEO plugin v27.4 - https:\/\/yoast.com\/product\/yoast-seo-wordpress\/ -->\n<title>OASIS 25mm - In-Forest Timbers<\/title>\n<meta name=\"robots\" content=\"index, follow, max-snippet:-1, max-image-preview:large, max-video-preview:-1\" \/>\n<link rel=\"canonical\" href=\"https:\/\/inforesttimbers.com\/en\/producto\/oasis-25mm\/\" \/>\n<meta property=\"og:locale\" content=\"en_US\" \/>\n<meta property=\"og:type\" content=\"article\" \/>\n<meta property=\"og:title\" content=\"OASIS 25mm - In-Forest Timbers\" \/>\n<meta property=\"og:description\" content=\"Se trata de un modelo de c\u00e9sped artificial de\u00a025 mm de altura, perfecto para zonas de uso intensivo. Por eso, elegir la altura correcta de c\u00e9sped artificial te ayudar\u00e1 a minimizar las horas que inviertes en su cuidado. Adem\u00e1s, lograr\u00e1s\u00a0 un\u00a0aspecto muy natural\u00a0en tu jard\u00edn gracias a su tecnolog\u00eda\u00a0Look&amp;Feel\u00a0que combina varios tipos de fibras, colores y alturas. Uso recomendado:\u00a0Terrazas, Balcones, Piscinas, Patios, Mascotas, Jard\u00edn. Tipo de uso:\u00a0tr\u00e1nsito alto\" \/>\n<meta property=\"og:url\" content=\"https:\/\/inforesttimbers.com\/en\/producto\/oasis-25mm\/\" \/>\n<meta property=\"og:site_name\" content=\"In-Forest Timbers\" \/>\n<meta property=\"article:publisher\" content=\"https:\/\/www.facebook.com\/inforestmaderas\/\" \/>\n<meta property=\"article:modified_time\" content=\"2025-07-02T13:36:17+00:00\" \/>\n<meta property=\"og:image\" content=\"https:\/\/inforesttimbers.com\/wp-content\/uploads\/2025\/07\/image-26.webp\" \/>\n\t<meta property=\"og:image:width\" content=\"1050\" \/>\n\t<meta property=\"og:image:height\" content=\"700\" \/>\n\t<meta property=\"og:image:type\" content=\"image\/webp\" \/>\n<meta name=\"twitter:card\" content=\"summary_large_image\" \/>\n<meta name=\"twitter:label1\" content=\"Est. reading time\" \/>\n\t<meta name=\"twitter:data1\" content=\"1 minute\" \/>\n<script type=\"application\/ld+json\" class=\"yoast-schema-graph\">{\"@context\":\"https:\\\/\\\/schema.org\",\"@graph\":[{\"@type\":\"WebPage\",\"@id\":\"https:\\\/\\\/inforesttimbers.com\\\/en\\\/producto\\\/oasis-25mm\\\/\",\"url\":\"https:\\\/\\\/inforesttimbers.com\\\/en\\\/producto\\\/oasis-25mm\\\/\",\"name\":\"OASIS 25mm - In-Forest Timbers\",\"isPartOf\":{\"@id\":\"https:\\\/\\\/inforesttimbers.com\\\/en\\\/#website\"},\"primaryImageOfPage\":{\"@id\":\"https:\\\/\\\/inforesttimbers.com\\\/en\\\/producto\\\/oasis-25mm\\\/#primaryimage\"},\"image\":{\"@id\":\"https:\\\/\\\/inforesttimbers.com\\\/en\\\/producto\\\/oasis-25mm\\\/#primaryimage\"},\"thumbnailUrl\":\"https:\\\/\\\/inforesttimbers.com\\\/wp-content\\\/uploads\\\/2025\\\/07\\\/image-26.webp\",\"datePublished\":\"2025-07-02T13:16:10+00:00\",\"dateModified\":\"2025-07-02T13:36:17+00:00\",\"breadcrumb\":{\"@id\":\"https:\\\/\\\/inforesttimbers.com\\\/en\\\/producto\\\/oasis-25mm\\\/#breadcrumb\"},\"inLanguage\":\"en-US\",\"potentialAction\":[{\"@type\":\"ReadAction\",\"target\":[\"https:\\\/\\\/inforesttimbers.com\\\/en\\\/producto\\\/oasis-25mm\\\/\"]}]},{\"@type\":\"ImageObject\",\"inLanguage\":\"en-US\",\"@id\":\"https:\\\/\\\/inforesttimbers.com\\\/en\\\/producto\\\/oasis-25mm\\\/#primaryimage\",\"url\":\"https:\\\/\\\/inforesttimbers.com\\\/wp-content\\\/uploads\\\/2025\\\/07\\\/image-26.webp\",\"contentUrl\":\"https:\\\/\\\/inforesttimbers.com\\\/wp-content\\\/uploads\\\/2025\\\/07\\\/image-26.webp\",\"width\":1050,\"height\":700},{\"@type\":\"BreadcrumbList\",\"@id\":\"https:\\\/\\\/inforesttimbers.com\\\/en\\\/producto\\\/oasis-25mm\\\/#breadcrumb\",\"itemListElement\":[{\"@type\":\"ListItem\",\"position\":1,\"name\":\"Home\",\"item\":\"https:\\\/\\\/inforesttimbers.com\\\/en\\\/home\\\/\"},{\"@type\":\"ListItem\",\"position\":2,\"name\":\"Products\",\"item\":\"https:\\\/\\\/inforesttimbers.com\\\/en\\\/shop\\\/\"},{\"@type\":\"ListItem\",\"position\":3,\"name\":\"OASIS 25mm\"}]},{\"@type\":\"WebSite\",\"@id\":\"https:\\\/\\\/inforesttimbers.com\\\/en\\\/#website\",\"url\":\"https:\\\/\\\/inforesttimbers.com\\\/en\\\/\",\"name\":\"In-Forest Maderas\",\"description\":\"\",\"publisher\":{\"@id\":\"https:\\\/\\\/inforesttimbers.com\\\/en\\\/#organization\"},\"potentialAction\":[{\"@type\":\"SearchAction\",\"target\":{\"@type\":\"EntryPoint\",\"urlTemplate\":\"https:\\\/\\\/inforesttimbers.com\\\/en\\\/?s={search_term_string}\"},\"query-input\":{\"@type\":\"PropertyValueSpecification\",\"valueRequired\":true,\"valueName\":\"search_term_string\"}}],\"inLanguage\":\"en-US\"},{\"@type\":\"Organization\",\"@id\":\"https:\\\/\\\/inforesttimbers.com\\\/en\\\/#organization\",\"name\":\"In-Forest Maderas\",\"url\":\"https:\\\/\\\/inforesttimbers.com\\\/en\\\/\",\"logo\":{\"@type\":\"ImageObject\",\"inLanguage\":\"en-US\",\"@id\":\"https:\\\/\\\/inforesttimbers.com\\\/en\\\/#\\\/schema\\\/logo\\\/image\\\/\",\"url\":\"https:\\\/\\\/inforesttimbers.com\\\/wp-content\\\/uploads\\\/2024\\\/09\\\/logo_fullsize.png\",\"contentUrl\":\"https:\\\/\\\/inforesttimbers.com\\\/wp-content\\\/uploads\\\/2024\\\/09\\\/logo_fullsize.png\",\"width\":500,\"height\":96,\"caption\":\"In-Forest Maderas\"},\"image\":{\"@id\":\"https:\\\/\\\/inforesttimbers.com\\\/en\\\/#\\\/schema\\\/logo\\\/image\\\/\"},\"sameAs\":[\"https:\\\/\\\/www.facebook.com\\\/inforestmaderas\\\/\",\"https:\\\/\\\/www.instagram.com\\\/maderas_inforest\\\/\"]}]}<\/script>\n<!-- \/ Yoast SEO plugin. -->","yoast_head_json":{"title":"OASIS 25mm - In-Forest Timbers","robots":{"index":"index","follow":"follow","max-snippet":"max-snippet:-1","max-image-preview":"max-image-preview:large","max-video-preview":"max-video-preview:-1"},"canonical":"https:\/\/inforesttimbers.com\/en\/producto\/oasis-25mm\/","og_locale":"en_US","og_type":"article","og_title":"OASIS 25mm - In-Forest Timbers","og_description":"Se trata de un modelo de c\u00e9sped artificial de\u00a025 mm de altura, perfecto para zonas de uso intensivo. Por eso, elegir la altura correcta de c\u00e9sped artificial te ayudar\u00e1 a minimizar las horas que inviertes en su cuidado. Adem\u00e1s, lograr\u00e1s\u00a0 un\u00a0aspecto muy natural\u00a0en tu jard\u00edn gracias a su tecnolog\u00eda\u00a0Look&amp;Feel\u00a0que combina varios tipos de fibras, colores y alturas. Uso recomendado:\u00a0Terrazas, Balcones, Piscinas, Patios, Mascotas, Jard\u00edn. Tipo de uso:\u00a0tr\u00e1nsito alto","og_url":"https:\/\/inforesttimbers.com\/en\/producto\/oasis-25mm\/","og_site_name":"In-Forest Timbers","article_publisher":"https:\/\/www.facebook.com\/inforestmaderas\/","article_modified_time":"2025-07-02T13:36:17+00:00","og_image":[{"width":1050,"height":700,"url":"https:\/\/inforesttimbers.com\/wp-content\/uploads\/2025\/07\/image-26.webp","type":"image\/webp"}],"twitter_card":"summary_large_image","twitter_misc":{"Est. reading time":"1 minute"},"schema":{"@context":"https:\/\/schema.org","@graph":[{"@type":"WebPage","@id":"https:\/\/inforesttimbers.com\/en\/producto\/oasis-25mm\/","url":"https:\/\/inforesttimbers.com\/en\/producto\/oasis-25mm\/","name":"OASIS 25mm - In-Forest Timbers","isPartOf":{"@id":"https:\/\/inforesttimbers.com\/en\/#website"},"primaryImageOfPage":{"@id":"https:\/\/inforesttimbers.com\/en\/producto\/oasis-25mm\/#primaryimage"},"image":{"@id":"https:\/\/inforesttimbers.com\/en\/producto\/oasis-25mm\/#primaryimage"},"thumbnailUrl":"https:\/\/inforesttimbers.com\/wp-content\/uploads\/2025\/07\/image-26.webp","datePublished":"2025-07-02T13:16:10+00:00","dateModified":"2025-07-02T13:36:17+00:00","breadcrumb":{"@id":"https:\/\/inforesttimbers.com\/en\/producto\/oasis-25mm\/#breadcrumb"},"inLanguage":"en-US","potentialAction":[{"@type":"ReadAction","target":["https:\/\/inforesttimbers.com\/en\/producto\/oasis-25mm\/"]}]},{"@type":"ImageObject","inLanguage":"en-US","@id":"https:\/\/inforesttimbers.com\/en\/producto\/oasis-25mm\/#primaryimage","url":"https:\/\/inforesttimbers.com\/wp-content\/uploads\/2025\/07\/image-26.webp","contentUrl":"https:\/\/inforesttimbers.com\/wp-content\/uploads\/2025\/07\/image-26.webp","width":1050,"height":700},{"@type":"BreadcrumbList","@id":"https:\/\/inforesttimbers.com\/en\/producto\/oasis-25mm\/#breadcrumb","itemListElement":[{"@type":"ListItem","position":1,"name":"Home","item":"https:\/\/inforesttimbers.com\/en\/home\/"},{"@type":"ListItem","position":2,"name":"Products","item":"https:\/\/inforesttimbers.com\/en\/shop\/"},{"@type":"ListItem","position":3,"name":"OASIS 25mm"}]},{"@type":"WebSite","@id":"https:\/\/inforesttimbers.com\/en\/#website","url":"https:\/\/inforesttimbers.com\/en\/","name":"In-Forest Maderas","description":"","publisher":{"@id":"https:\/\/inforesttimbers.com\/en\/#organization"},"potentialAction":[{"@type":"SearchAction","target":{"@type":"EntryPoint","urlTemplate":"https:\/\/inforesttimbers.com\/en\/?s={search_term_string}"},"query-input":{"@type":"PropertyValueSpecification","valueRequired":true,"valueName":"search_term_string"}}],"inLanguage":"en-US"},{"@type":"Organization","@id":"https:\/\/inforesttimbers.com\/en\/#organization","name":"In-Forest Maderas","url":"https:\/\/inforesttimbers.com\/en\/","logo":{"@type":"ImageObject","inLanguage":"en-US","@id":"https:\/\/inforesttimbers.com\/en\/#\/schema\/logo\/image\/","url":"https:\/\/inforesttimbers.com\/wp-content\/uploads\/2024\/09\/logo_fullsize.png","contentUrl":"https:\/\/inforesttimbers.com\/wp-content\/uploads\/2024\/09\/logo_fullsize.png","width":500,"height":96,"caption":"In-Forest Maderas"},"image":{"@id":"https:\/\/inforesttimbers.com\/en\/#\/schema\/logo\/image\/"},"sameAs":["https:\/\/www.facebook.com\/inforestmaderas\/","https:\/\/www.instagram.com\/maderas_inforest\/"]}]}},"_links":{"self":[{"href":"https:\/\/inforesttimbers.com\/en\/wp-json\/wp\/v2\/product\/2716","targetHints":{"allow":["GET"]}}],"collection":[{"href":"https:\/\/inforesttimbers.com\/en\/wp-json\/wp\/v2\/product"}],"about":[{"href":"https:\/\/inforesttimbers.com\/en\/wp-json\/wp\/v2\/types\/product"}],"version-history":[{"count":2,"href":"https:\/\/inforesttimbers.com\/en\/wp-json\/wp\/v2\/product\/2716\/revisions"}],"predecessor-version":[{"id":2721,"href":"https:\/\/inforesttimbers.com\/en\/wp-json\/wp\/v2\/product\/2716\/revisions\/2721"}],"wp:featuredmedia":[{"embeddable":true,"href":"https:\/\/inforesttimbers.com\/en\/wp-json\/wp\/v2\/media\/2717"}],"wp:attachment":[{"href":"https:\/\/inforesttimbers.com\/en\/wp-json\/wp\/v2\/media?parent=2716"}],"wp:term":[{"taxonomy":"product_brand","embeddable":true,"href":"https:\/\/inforesttimbers.com\/en\/wp-json\/wp\/v2\/product_brand?post=2716"},{"taxonomy":"product_cat","embeddable":true,"href":"https:\/\/inforesttimbers.com\/en\/wp-json\/wp\/v2\/product_cat?post=2716"},{"taxonomy":"product_tag","embeddable":true,"href":"https:\/\/inforesttimbers.com\/en\/wp-json\/wp\/v2\/product_tag?post=2716"}],"curies":[{"name":"wp","href":"https:\/\/api.w.org\/{rel}","templated":true}]}}