{"id":2746,"date":"2025-07-02T16:34:06","date_gmt":"2025-07-02T14:34:06","guid":{"rendered":"https:\/\/inforesttimbers.com\/?post_type=product&#038;p=2746"},"modified":"2025-07-02T16:34:06","modified_gmt":"2025-07-02T14:34:06","slug":"master-35mm","status":"publish","type":"product","link":"https:\/\/inforesttimbers.com\/en\/producto\/master-35mm\/","title":{"rendered":"MASTER 35mm"},"content":{"rendered":"<p>El modelo\u00a0<strong>Master<\/strong>\u00a0de\u00a0<strong>35 mm de altura<\/strong>\u00a0cuenta con fibras finas en dos tonos de verde que le aportan un aspecto muy natural con un tono final\u00a0<strong>color oliva<\/strong>. Adem\u00e1s, con sus fibras texturizadas bicolor efecto ra\u00edz, verde\/beige, te costar\u00e1 diferenciarlo del c\u00e9sped natural y conseguir\u00e1s un c\u00e9sped muy mullido y agradable a la pisada.<\/p>\n<ul>\n<li><strong>Uso recomendado:<\/strong>\u00a0Terrazas, Balcones, Patios o Piscinas.<\/li>\n<li><strong>Tr\u00e1nsito:<\/strong>\u00a0medio-alto.<\/li>\n<\/ul>\n","protected":false},"excerpt":{"rendered":"<p>El modelo\u00a0Master\u00a0de\u00a035 mm de altura\u00a0cuenta con fibras finas en dos tonos de verde que le aportan un aspecto muy natural con un tono final\u00a0color oliva. Adem\u00e1s, con sus fibras texturizadas bicolor efecto ra\u00edz, verde\/beige, te costar\u00e1 diferenciarlo del c\u00e9sped natural y conseguir\u00e1s un c\u00e9sped muy mullido y agradable a la pisada. Uso recomendado:\u00a0Terrazas, Balcones, Patios o Piscinas. Tr\u00e1nsito:\u00a0medio-alto.<\/p>\n","protected":false},"featured_media":2747,"template":"","meta":[],"product_brand":[],"product_cat":[26,22],"product_tag":[],"class_list":{"0":"post-2746","1":"product","2":"type-product","3":"status-publish","4":"has-post-thumbnail","6":"product_cat-cesped-artificial","7":"product_cat-jardineria","9":"first","10":"instock","11":"shipping-taxable","12":"purchasable","13":"product-type-simple"},"yoast_head":"<!-- This site is optimized with the Yoast SEO plugin v27.4 - https:\/\/yoast.com\/product\/yoast-seo-wordpress\/ -->\n<title>MASTER 35mm - In-Forest Timbers<\/title>\n<meta name=\"robots\" content=\"index, follow, max-snippet:-1, max-image-preview:large, max-video-preview:-1\" \/>\n<link rel=\"canonical\" href=\"https:\/\/inforesttimbers.com\/en\/producto\/master-35mm\/\" \/>\n<meta property=\"og:locale\" content=\"en_US\" \/>\n<meta property=\"og:type\" content=\"article\" \/>\n<meta property=\"og:title\" content=\"MASTER 35mm - In-Forest Timbers\" \/>\n<meta property=\"og:description\" content=\"El modelo\u00a0Master\u00a0de\u00a035 mm de altura\u00a0cuenta con fibras finas en dos tonos de verde que le aportan un aspecto muy natural con un tono final\u00a0color oliva. Adem\u00e1s, con sus fibras texturizadas bicolor efecto ra\u00edz, verde\/beige, te costar\u00e1 diferenciarlo del c\u00e9sped natural y conseguir\u00e1s un c\u00e9sped muy mullido y agradable a la pisada. Uso recomendado:\u00a0Terrazas, Balcones, Patios o Piscinas. Tr\u00e1nsito:\u00a0medio-alto.\" \/>\n<meta property=\"og:url\" content=\"https:\/\/inforesttimbers.com\/en\/producto\/master-35mm\/\" \/>\n<meta property=\"og:site_name\" content=\"In-Forest Timbers\" \/>\n<meta property=\"article:publisher\" content=\"https:\/\/www.facebook.com\/inforestmaderas\/\" \/>\n<meta property=\"og:image\" content=\"https:\/\/inforesttimbers.com\/wp-content\/uploads\/2025\/07\/image-33.webp\" \/>\n\t<meta property=\"og:image:width\" content=\"1050\" \/>\n\t<meta property=\"og:image:height\" content=\"735\" \/>\n\t<meta property=\"og:image:type\" content=\"image\/webp\" \/>\n<meta name=\"twitter:card\" content=\"summary_large_image\" \/>\n<meta name=\"twitter:label1\" content=\"Est. reading time\" \/>\n\t<meta name=\"twitter:data1\" content=\"1 minute\" \/>\n<script type=\"application\/ld+json\" class=\"yoast-schema-graph\">{\"@context\":\"https:\\\/\\\/schema.org\",\"@graph\":[{\"@type\":\"WebPage\",\"@id\":\"https:\\\/\\\/inforesttimbers.com\\\/en\\\/producto\\\/master-35mm\\\/\",\"url\":\"https:\\\/\\\/inforesttimbers.com\\\/en\\\/producto\\\/master-35mm\\\/\",\"name\":\"MASTER 35mm - In-Forest Timbers\",\"isPartOf\":{\"@id\":\"https:\\\/\\\/inforesttimbers.com\\\/en\\\/#website\"},\"primaryImageOfPage\":{\"@id\":\"https:\\\/\\\/inforesttimbers.com\\\/en\\\/producto\\\/master-35mm\\\/#primaryimage\"},\"image\":{\"@id\":\"https:\\\/\\\/inforesttimbers.com\\\/en\\\/producto\\\/master-35mm\\\/#primaryimage\"},\"thumbnailUrl\":\"https:\\\/\\\/inforesttimbers.com\\\/wp-content\\\/uploads\\\/2025\\\/07\\\/image-33.webp\",\"datePublished\":\"2025-07-02T14:34:06+00:00\",\"breadcrumb\":{\"@id\":\"https:\\\/\\\/inforesttimbers.com\\\/en\\\/producto\\\/master-35mm\\\/#breadcrumb\"},\"inLanguage\":\"en-US\",\"potentialAction\":[{\"@type\":\"ReadAction\",\"target\":[\"https:\\\/\\\/inforesttimbers.com\\\/en\\\/producto\\\/master-35mm\\\/\"]}]},{\"@type\":\"ImageObject\",\"inLanguage\":\"en-US\",\"@id\":\"https:\\\/\\\/inforesttimbers.com\\\/en\\\/producto\\\/master-35mm\\\/#primaryimage\",\"url\":\"https:\\\/\\\/inforesttimbers.com\\\/wp-content\\\/uploads\\\/2025\\\/07\\\/image-33.webp\",\"contentUrl\":\"https:\\\/\\\/inforesttimbers.com\\\/wp-content\\\/uploads\\\/2025\\\/07\\\/image-33.webp\",\"width\":1050,\"height\":735},{\"@type\":\"BreadcrumbList\",\"@id\":\"https:\\\/\\\/inforesttimbers.com\\\/en\\\/producto\\\/master-35mm\\\/#breadcrumb\",\"itemListElement\":[{\"@type\":\"ListItem\",\"position\":1,\"name\":\"Home\",\"item\":\"https:\\\/\\\/inforesttimbers.com\\\/en\\\/home\\\/\"},{\"@type\":\"ListItem\",\"position\":2,\"name\":\"Products\",\"item\":\"https:\\\/\\\/inforesttimbers.com\\\/en\\\/shop\\\/\"},{\"@type\":\"ListItem\",\"position\":3,\"name\":\"MASTER 35mm\"}]},{\"@type\":\"WebSite\",\"@id\":\"https:\\\/\\\/inforesttimbers.com\\\/en\\\/#website\",\"url\":\"https:\\\/\\\/inforesttimbers.com\\\/en\\\/\",\"name\":\"In-Forest Maderas\",\"description\":\"\",\"publisher\":{\"@id\":\"https:\\\/\\\/inforesttimbers.com\\\/en\\\/#organization\"},\"potentialAction\":[{\"@type\":\"SearchAction\",\"target\":{\"@type\":\"EntryPoint\",\"urlTemplate\":\"https:\\\/\\\/inforesttimbers.com\\\/en\\\/?s={search_term_string}\"},\"query-input\":{\"@type\":\"PropertyValueSpecification\",\"valueRequired\":true,\"valueName\":\"search_term_string\"}}],\"inLanguage\":\"en-US\"},{\"@type\":\"Organization\",\"@id\":\"https:\\\/\\\/inforesttimbers.com\\\/en\\\/#organization\",\"name\":\"In-Forest Maderas\",\"url\":\"https:\\\/\\\/inforesttimbers.com\\\/en\\\/\",\"logo\":{\"@type\":\"ImageObject\",\"inLanguage\":\"en-US\",\"@id\":\"https:\\\/\\\/inforesttimbers.com\\\/en\\\/#\\\/schema\\\/logo\\\/image\\\/\",\"url\":\"https:\\\/\\\/inforesttimbers.com\\\/wp-content\\\/uploads\\\/2024\\\/09\\\/logo_fullsize.png\",\"contentUrl\":\"https:\\\/\\\/inforesttimbers.com\\\/wp-content\\\/uploads\\\/2024\\\/09\\\/logo_fullsize.png\",\"width\":500,\"height\":96,\"caption\":\"In-Forest Maderas\"},\"image\":{\"@id\":\"https:\\\/\\\/inforesttimbers.com\\\/en\\\/#\\\/schema\\\/logo\\\/image\\\/\"},\"sameAs\":[\"https:\\\/\\\/www.facebook.com\\\/inforestmaderas\\\/\",\"https:\\\/\\\/www.instagram.com\\\/maderas_inforest\\\/\"]}]}<\/script>\n<!-- \/ Yoast SEO plugin. -->","yoast_head_json":{"title":"MASTER 35mm - In-Forest Timbers","robots":{"index":"index","follow":"follow","max-snippet":"max-snippet:-1","max-image-preview":"max-image-preview:large","max-video-preview":"max-video-preview:-1"},"canonical":"https:\/\/inforesttimbers.com\/en\/producto\/master-35mm\/","og_locale":"en_US","og_type":"article","og_title":"MASTER 35mm - In-Forest Timbers","og_description":"El modelo\u00a0Master\u00a0de\u00a035 mm de altura\u00a0cuenta con fibras finas en dos tonos de verde que le aportan un aspecto muy natural con un tono final\u00a0color oliva. Adem\u00e1s, con sus fibras texturizadas bicolor efecto ra\u00edz, verde\/beige, te costar\u00e1 diferenciarlo del c\u00e9sped natural y conseguir\u00e1s un c\u00e9sped muy mullido y agradable a la pisada. Uso recomendado:\u00a0Terrazas, Balcones, Patios o Piscinas. Tr\u00e1nsito:\u00a0medio-alto.","og_url":"https:\/\/inforesttimbers.com\/en\/producto\/master-35mm\/","og_site_name":"In-Forest Timbers","article_publisher":"https:\/\/www.facebook.com\/inforestmaderas\/","og_image":[{"width":1050,"height":735,"url":"https:\/\/inforesttimbers.com\/wp-content\/uploads\/2025\/07\/image-33.webp","type":"image\/webp"}],"twitter_card":"summary_large_image","twitter_misc":{"Est. reading time":"1 minute"},"schema":{"@context":"https:\/\/schema.org","@graph":[{"@type":"WebPage","@id":"https:\/\/inforesttimbers.com\/en\/producto\/master-35mm\/","url":"https:\/\/inforesttimbers.com\/en\/producto\/master-35mm\/","name":"MASTER 35mm - In-Forest Timbers","isPartOf":{"@id":"https:\/\/inforesttimbers.com\/en\/#website"},"primaryImageOfPage":{"@id":"https:\/\/inforesttimbers.com\/en\/producto\/master-35mm\/#primaryimage"},"image":{"@id":"https:\/\/inforesttimbers.com\/en\/producto\/master-35mm\/#primaryimage"},"thumbnailUrl":"https:\/\/inforesttimbers.com\/wp-content\/uploads\/2025\/07\/image-33.webp","datePublished":"2025-07-02T14:34:06+00:00","breadcrumb":{"@id":"https:\/\/inforesttimbers.com\/en\/producto\/master-35mm\/#breadcrumb"},"inLanguage":"en-US","potentialAction":[{"@type":"ReadAction","target":["https:\/\/inforesttimbers.com\/en\/producto\/master-35mm\/"]}]},{"@type":"ImageObject","inLanguage":"en-US","@id":"https:\/\/inforesttimbers.com\/en\/producto\/master-35mm\/#primaryimage","url":"https:\/\/inforesttimbers.com\/wp-content\/uploads\/2025\/07\/image-33.webp","contentUrl":"https:\/\/inforesttimbers.com\/wp-content\/uploads\/2025\/07\/image-33.webp","width":1050,"height":735},{"@type":"BreadcrumbList","@id":"https:\/\/inforesttimbers.com\/en\/producto\/master-35mm\/#breadcrumb","itemListElement":[{"@type":"ListItem","position":1,"name":"Home","item":"https:\/\/inforesttimbers.com\/en\/home\/"},{"@type":"ListItem","position":2,"name":"Products","item":"https:\/\/inforesttimbers.com\/en\/shop\/"},{"@type":"ListItem","position":3,"name":"MASTER 35mm"}]},{"@type":"WebSite","@id":"https:\/\/inforesttimbers.com\/en\/#website","url":"https:\/\/inforesttimbers.com\/en\/","name":"In-Forest Maderas","description":"","publisher":{"@id":"https:\/\/inforesttimbers.com\/en\/#organization"},"potentialAction":[{"@type":"SearchAction","target":{"@type":"EntryPoint","urlTemplate":"https:\/\/inforesttimbers.com\/en\/?s={search_term_string}"},"query-input":{"@type":"PropertyValueSpecification","valueRequired":true,"valueName":"search_term_string"}}],"inLanguage":"en-US"},{"@type":"Organization","@id":"https:\/\/inforesttimbers.com\/en\/#organization","name":"In-Forest Maderas","url":"https:\/\/inforesttimbers.com\/en\/","logo":{"@type":"ImageObject","inLanguage":"en-US","@id":"https:\/\/inforesttimbers.com\/en\/#\/schema\/logo\/image\/","url":"https:\/\/inforesttimbers.com\/wp-content\/uploads\/2024\/09\/logo_fullsize.png","contentUrl":"https:\/\/inforesttimbers.com\/wp-content\/uploads\/2024\/09\/logo_fullsize.png","width":500,"height":96,"caption":"In-Forest Maderas"},"image":{"@id":"https:\/\/inforesttimbers.com\/en\/#\/schema\/logo\/image\/"},"sameAs":["https:\/\/www.facebook.com\/inforestmaderas\/","https:\/\/www.instagram.com\/maderas_inforest\/"]}]}},"_links":{"self":[{"href":"https:\/\/inforesttimbers.com\/en\/wp-json\/wp\/v2\/product\/2746","targetHints":{"allow":["GET"]}}],"collection":[{"href":"https:\/\/inforesttimbers.com\/en\/wp-json\/wp\/v2\/product"}],"about":[{"href":"https:\/\/inforesttimbers.com\/en\/wp-json\/wp\/v2\/types\/product"}],"version-history":[{"count":1,"href":"https:\/\/inforesttimbers.com\/en\/wp-json\/wp\/v2\/product\/2746\/revisions"}],"predecessor-version":[{"id":2749,"href":"https:\/\/inforesttimbers.com\/en\/wp-json\/wp\/v2\/product\/2746\/revisions\/2749"}],"wp:featuredmedia":[{"embeddable":true,"href":"https:\/\/inforesttimbers.com\/en\/wp-json\/wp\/v2\/media\/2747"}],"wp:attachment":[{"href":"https:\/\/inforesttimbers.com\/en\/wp-json\/wp\/v2\/media?parent=2746"}],"wp:term":[{"taxonomy":"product_brand","embeddable":true,"href":"https:\/\/inforesttimbers.com\/en\/wp-json\/wp\/v2\/product_brand?post=2746"},{"taxonomy":"product_cat","embeddable":true,"href":"https:\/\/inforesttimbers.com\/en\/wp-json\/wp\/v2\/product_cat?post=2746"},{"taxonomy":"product_tag","embeddable":true,"href":"https:\/\/inforesttimbers.com\/en\/wp-json\/wp\/v2\/product_tag?post=2746"}],"curies":[{"name":"wp","href":"https:\/\/api.w.org\/{rel}","templated":true}]}}