{"id":2754,"date":"2025-07-02T17:08:52","date_gmt":"2025-07-02T15:08:52","guid":{"rendered":"https:\/\/inforesttimbers.com\/?post_type=product&#038;p=2754"},"modified":"2025-07-02T17:08:52","modified_gmt":"2025-07-02T15:08:52","slug":"deluxe-45mm","status":"publish","type":"product","link":"https:\/\/inforesttimbers.com\/en\/producto\/deluxe-45mm\/","title":{"rendered":"DELUXE 45mm"},"content":{"rendered":"<p>Dise\u00f1ado para quienes buscan un c\u00e9sped artificial de <strong>alta calidad<\/strong>\u00a0con el mejor equilibrio entre\u00a0<strong>confort y compromiso con el medioambiente<\/strong>. Con una\u00a0<strong>altura de 45 mm<\/strong>\u00a0y combinaci\u00f3n de fibras rectas, semitexturizadas KDK y rizadas efecto ra\u00edz verde y beige, este modelo ofrece un aspecto incre\u00edblemente realista, logrando una\u00a0<strong>est\u00e9tica natural<\/strong>\u00a0en cualquier espacio. Adem\u00e1s, sus fibras aportan una\u00a0<strong>recuperaci\u00f3n tras cada pisada<\/strong>, haciendo que tu c\u00e9sped se vea como el primer d\u00eda.<\/p>\n<ul>\n<li><strong>Tr\u00e1nsito:<\/strong> medio<\/li>\n<li><strong>Uso recomendado:<\/strong>\u00a0Jard\u00edn, Jard\u00edn Premium, Piscinas, Mascotas<\/li>\n<\/ul>\n","protected":false},"excerpt":{"rendered":"<p>Dise\u00f1ado para quienes buscan un c\u00e9sped artificial de alta calidad\u00a0con el mejor equilibrio entre\u00a0confort y compromiso con el medioambiente. Con una\u00a0altura de 45 mm\u00a0y combinaci\u00f3n de fibras rectas, semitexturizadas KDK y rizadas efecto ra\u00edz verde y beige, este modelo ofrece un aspecto incre\u00edblemente realista, logrando una\u00a0est\u00e9tica natural\u00a0en cualquier espacio. Adem\u00e1s, sus fibras aportan una\u00a0recuperaci\u00f3n tras cada pisada, haciendo que tu c\u00e9sped se vea como el primer d\u00eda. Tr\u00e1nsito: medio Uso recomendado:\u00a0Jard\u00edn, Jard\u00edn Premium, Piscinas, Mascotas<\/p>\n","protected":false},"featured_media":2755,"template":"","meta":[],"product_brand":[],"product_cat":[26,22],"product_tag":[],"class_list":{"0":"post-2754","1":"product","2":"type-product","3":"status-publish","4":"has-post-thumbnail","6":"product_cat-cesped-artificial","7":"product_cat-jardineria","9":"first","10":"instock","11":"shipping-taxable","12":"purchasable","13":"product-type-simple"},"yoast_head":"<!-- This site is optimized with the Yoast SEO plugin v27.4 - https:\/\/yoast.com\/product\/yoast-seo-wordpress\/ -->\n<title>DELUXE 45mm - In-Forest Timbers<\/title>\n<meta name=\"robots\" content=\"index, follow, max-snippet:-1, max-image-preview:large, max-video-preview:-1\" \/>\n<link rel=\"canonical\" href=\"https:\/\/inforesttimbers.com\/en\/producto\/deluxe-45mm\/\" \/>\n<meta property=\"og:locale\" content=\"en_US\" \/>\n<meta property=\"og:type\" content=\"article\" \/>\n<meta property=\"og:title\" content=\"DELUXE 45mm - In-Forest Timbers\" \/>\n<meta property=\"og:description\" content=\"Dise\u00f1ado para quienes buscan un c\u00e9sped artificial de alta calidad\u00a0con el mejor equilibrio entre\u00a0confort y compromiso con el medioambiente. Con una\u00a0altura de 45 mm\u00a0y combinaci\u00f3n de fibras rectas, semitexturizadas KDK y rizadas efecto ra\u00edz verde y beige, este modelo ofrece un aspecto incre\u00edblemente realista, logrando una\u00a0est\u00e9tica natural\u00a0en cualquier espacio. Adem\u00e1s, sus fibras aportan una\u00a0recuperaci\u00f3n tras cada pisada, haciendo que tu c\u00e9sped se vea como el primer d\u00eda. Tr\u00e1nsito: medio Uso recomendado:\u00a0Jard\u00edn, Jard\u00edn Premium, Piscinas, Mascotas\" \/>\n<meta property=\"og:url\" content=\"https:\/\/inforesttimbers.com\/en\/producto\/deluxe-45mm\/\" \/>\n<meta property=\"og:site_name\" content=\"In-Forest Timbers\" \/>\n<meta property=\"article:publisher\" content=\"https:\/\/www.facebook.com\/inforestmaderas\/\" \/>\n<meta property=\"og:image\" content=\"https:\/\/inforesttimbers.com\/wp-content\/uploads\/2025\/07\/image-35.webp\" \/>\n\t<meta property=\"og:image:width\" content=\"1050\" \/>\n\t<meta property=\"og:image:height\" content=\"700\" \/>\n\t<meta property=\"og:image:type\" content=\"image\/webp\" \/>\n<meta name=\"twitter:card\" content=\"summary_large_image\" \/>\n<meta name=\"twitter:label1\" content=\"Est. reading time\" \/>\n\t<meta name=\"twitter:data1\" content=\"1 minute\" \/>\n<script type=\"application\/ld+json\" class=\"yoast-schema-graph\">{\"@context\":\"https:\\\/\\\/schema.org\",\"@graph\":[{\"@type\":\"WebPage\",\"@id\":\"https:\\\/\\\/inforesttimbers.com\\\/en\\\/producto\\\/deluxe-45mm\\\/\",\"url\":\"https:\\\/\\\/inforesttimbers.com\\\/en\\\/producto\\\/deluxe-45mm\\\/\",\"name\":\"DELUXE 45mm - In-Forest Timbers\",\"isPartOf\":{\"@id\":\"https:\\\/\\\/inforesttimbers.com\\\/en\\\/#website\"},\"primaryImageOfPage\":{\"@id\":\"https:\\\/\\\/inforesttimbers.com\\\/en\\\/producto\\\/deluxe-45mm\\\/#primaryimage\"},\"image\":{\"@id\":\"https:\\\/\\\/inforesttimbers.com\\\/en\\\/producto\\\/deluxe-45mm\\\/#primaryimage\"},\"thumbnailUrl\":\"https:\\\/\\\/inforesttimbers.com\\\/wp-content\\\/uploads\\\/2025\\\/07\\\/image-35.webp\",\"datePublished\":\"2025-07-02T15:08:52+00:00\",\"breadcrumb\":{\"@id\":\"https:\\\/\\\/inforesttimbers.com\\\/en\\\/producto\\\/deluxe-45mm\\\/#breadcrumb\"},\"inLanguage\":\"en-US\",\"potentialAction\":[{\"@type\":\"ReadAction\",\"target\":[\"https:\\\/\\\/inforesttimbers.com\\\/en\\\/producto\\\/deluxe-45mm\\\/\"]}]},{\"@type\":\"ImageObject\",\"inLanguage\":\"en-US\",\"@id\":\"https:\\\/\\\/inforesttimbers.com\\\/en\\\/producto\\\/deluxe-45mm\\\/#primaryimage\",\"url\":\"https:\\\/\\\/inforesttimbers.com\\\/wp-content\\\/uploads\\\/2025\\\/07\\\/image-35.webp\",\"contentUrl\":\"https:\\\/\\\/inforesttimbers.com\\\/wp-content\\\/uploads\\\/2025\\\/07\\\/image-35.webp\",\"width\":1050,\"height\":700},{\"@type\":\"BreadcrumbList\",\"@id\":\"https:\\\/\\\/inforesttimbers.com\\\/en\\\/producto\\\/deluxe-45mm\\\/#breadcrumb\",\"itemListElement\":[{\"@type\":\"ListItem\",\"position\":1,\"name\":\"Home\",\"item\":\"https:\\\/\\\/inforesttimbers.com\\\/en\\\/home\\\/\"},{\"@type\":\"ListItem\",\"position\":2,\"name\":\"Products\",\"item\":\"https:\\\/\\\/inforesttimbers.com\\\/en\\\/shop\\\/\"},{\"@type\":\"ListItem\",\"position\":3,\"name\":\"DELUXE 45mm\"}]},{\"@type\":\"WebSite\",\"@id\":\"https:\\\/\\\/inforesttimbers.com\\\/en\\\/#website\",\"url\":\"https:\\\/\\\/inforesttimbers.com\\\/en\\\/\",\"name\":\"In-Forest Maderas\",\"description\":\"\",\"publisher\":{\"@id\":\"https:\\\/\\\/inforesttimbers.com\\\/en\\\/#organization\"},\"potentialAction\":[{\"@type\":\"SearchAction\",\"target\":{\"@type\":\"EntryPoint\",\"urlTemplate\":\"https:\\\/\\\/inforesttimbers.com\\\/en\\\/?s={search_term_string}\"},\"query-input\":{\"@type\":\"PropertyValueSpecification\",\"valueRequired\":true,\"valueName\":\"search_term_string\"}}],\"inLanguage\":\"en-US\"},{\"@type\":\"Organization\",\"@id\":\"https:\\\/\\\/inforesttimbers.com\\\/en\\\/#organization\",\"name\":\"In-Forest Maderas\",\"url\":\"https:\\\/\\\/inforesttimbers.com\\\/en\\\/\",\"logo\":{\"@type\":\"ImageObject\",\"inLanguage\":\"en-US\",\"@id\":\"https:\\\/\\\/inforesttimbers.com\\\/en\\\/#\\\/schema\\\/logo\\\/image\\\/\",\"url\":\"https:\\\/\\\/inforesttimbers.com\\\/wp-content\\\/uploads\\\/2024\\\/09\\\/logo_fullsize.png\",\"contentUrl\":\"https:\\\/\\\/inforesttimbers.com\\\/wp-content\\\/uploads\\\/2024\\\/09\\\/logo_fullsize.png\",\"width\":500,\"height\":96,\"caption\":\"In-Forest Maderas\"},\"image\":{\"@id\":\"https:\\\/\\\/inforesttimbers.com\\\/en\\\/#\\\/schema\\\/logo\\\/image\\\/\"},\"sameAs\":[\"https:\\\/\\\/www.facebook.com\\\/inforestmaderas\\\/\",\"https:\\\/\\\/www.instagram.com\\\/maderas_inforest\\\/\"]}]}<\/script>\n<!-- \/ Yoast SEO plugin. -->","yoast_head_json":{"title":"DELUXE 45mm - In-Forest Timbers","robots":{"index":"index","follow":"follow","max-snippet":"max-snippet:-1","max-image-preview":"max-image-preview:large","max-video-preview":"max-video-preview:-1"},"canonical":"https:\/\/inforesttimbers.com\/en\/producto\/deluxe-45mm\/","og_locale":"en_US","og_type":"article","og_title":"DELUXE 45mm - In-Forest Timbers","og_description":"Dise\u00f1ado para quienes buscan un c\u00e9sped artificial de alta calidad\u00a0con el mejor equilibrio entre\u00a0confort y compromiso con el medioambiente. Con una\u00a0altura de 45 mm\u00a0y combinaci\u00f3n de fibras rectas, semitexturizadas KDK y rizadas efecto ra\u00edz verde y beige, este modelo ofrece un aspecto incre\u00edblemente realista, logrando una\u00a0est\u00e9tica natural\u00a0en cualquier espacio. Adem\u00e1s, sus fibras aportan una\u00a0recuperaci\u00f3n tras cada pisada, haciendo que tu c\u00e9sped se vea como el primer d\u00eda. Tr\u00e1nsito: medio Uso recomendado:\u00a0Jard\u00edn, Jard\u00edn Premium, Piscinas, Mascotas","og_url":"https:\/\/inforesttimbers.com\/en\/producto\/deluxe-45mm\/","og_site_name":"In-Forest Timbers","article_publisher":"https:\/\/www.facebook.com\/inforestmaderas\/","og_image":[{"width":1050,"height":700,"url":"https:\/\/inforesttimbers.com\/wp-content\/uploads\/2025\/07\/image-35.webp","type":"image\/webp"}],"twitter_card":"summary_large_image","twitter_misc":{"Est. reading time":"1 minute"},"schema":{"@context":"https:\/\/schema.org","@graph":[{"@type":"WebPage","@id":"https:\/\/inforesttimbers.com\/en\/producto\/deluxe-45mm\/","url":"https:\/\/inforesttimbers.com\/en\/producto\/deluxe-45mm\/","name":"DELUXE 45mm - In-Forest Timbers","isPartOf":{"@id":"https:\/\/inforesttimbers.com\/en\/#website"},"primaryImageOfPage":{"@id":"https:\/\/inforesttimbers.com\/en\/producto\/deluxe-45mm\/#primaryimage"},"image":{"@id":"https:\/\/inforesttimbers.com\/en\/producto\/deluxe-45mm\/#primaryimage"},"thumbnailUrl":"https:\/\/inforesttimbers.com\/wp-content\/uploads\/2025\/07\/image-35.webp","datePublished":"2025-07-02T15:08:52+00:00","breadcrumb":{"@id":"https:\/\/inforesttimbers.com\/en\/producto\/deluxe-45mm\/#breadcrumb"},"inLanguage":"en-US","potentialAction":[{"@type":"ReadAction","target":["https:\/\/inforesttimbers.com\/en\/producto\/deluxe-45mm\/"]}]},{"@type":"ImageObject","inLanguage":"en-US","@id":"https:\/\/inforesttimbers.com\/en\/producto\/deluxe-45mm\/#primaryimage","url":"https:\/\/inforesttimbers.com\/wp-content\/uploads\/2025\/07\/image-35.webp","contentUrl":"https:\/\/inforesttimbers.com\/wp-content\/uploads\/2025\/07\/image-35.webp","width":1050,"height":700},{"@type":"BreadcrumbList","@id":"https:\/\/inforesttimbers.com\/en\/producto\/deluxe-45mm\/#breadcrumb","itemListElement":[{"@type":"ListItem","position":1,"name":"Home","item":"https:\/\/inforesttimbers.com\/en\/home\/"},{"@type":"ListItem","position":2,"name":"Products","item":"https:\/\/inforesttimbers.com\/en\/shop\/"},{"@type":"ListItem","position":3,"name":"DELUXE 45mm"}]},{"@type":"WebSite","@id":"https:\/\/inforesttimbers.com\/en\/#website","url":"https:\/\/inforesttimbers.com\/en\/","name":"In-Forest Maderas","description":"","publisher":{"@id":"https:\/\/inforesttimbers.com\/en\/#organization"},"potentialAction":[{"@type":"SearchAction","target":{"@type":"EntryPoint","urlTemplate":"https:\/\/inforesttimbers.com\/en\/?s={search_term_string}"},"query-input":{"@type":"PropertyValueSpecification","valueRequired":true,"valueName":"search_term_string"}}],"inLanguage":"en-US"},{"@type":"Organization","@id":"https:\/\/inforesttimbers.com\/en\/#organization","name":"In-Forest Maderas","url":"https:\/\/inforesttimbers.com\/en\/","logo":{"@type":"ImageObject","inLanguage":"en-US","@id":"https:\/\/inforesttimbers.com\/en\/#\/schema\/logo\/image\/","url":"https:\/\/inforesttimbers.com\/wp-content\/uploads\/2024\/09\/logo_fullsize.png","contentUrl":"https:\/\/inforesttimbers.com\/wp-content\/uploads\/2024\/09\/logo_fullsize.png","width":500,"height":96,"caption":"In-Forest Maderas"},"image":{"@id":"https:\/\/inforesttimbers.com\/en\/#\/schema\/logo\/image\/"},"sameAs":["https:\/\/www.facebook.com\/inforestmaderas\/","https:\/\/www.instagram.com\/maderas_inforest\/"]}]}},"_links":{"self":[{"href":"https:\/\/inforesttimbers.com\/en\/wp-json\/wp\/v2\/product\/2754","targetHints":{"allow":["GET"]}}],"collection":[{"href":"https:\/\/inforesttimbers.com\/en\/wp-json\/wp\/v2\/product"}],"about":[{"href":"https:\/\/inforesttimbers.com\/en\/wp-json\/wp\/v2\/types\/product"}],"version-history":[{"count":2,"href":"https:\/\/inforesttimbers.com\/en\/wp-json\/wp\/v2\/product\/2754\/revisions"}],"predecessor-version":[{"id":2762,"href":"https:\/\/inforesttimbers.com\/en\/wp-json\/wp\/v2\/product\/2754\/revisions\/2762"}],"wp:featuredmedia":[{"embeddable":true,"href":"https:\/\/inforesttimbers.com\/en\/wp-json\/wp\/v2\/media\/2755"}],"wp:attachment":[{"href":"https:\/\/inforesttimbers.com\/en\/wp-json\/wp\/v2\/media?parent=2754"}],"wp:term":[{"taxonomy":"product_brand","embeddable":true,"href":"https:\/\/inforesttimbers.com\/en\/wp-json\/wp\/v2\/product_brand?post=2754"},{"taxonomy":"product_cat","embeddable":true,"href":"https:\/\/inforesttimbers.com\/en\/wp-json\/wp\/v2\/product_cat?post=2754"},{"taxonomy":"product_tag","embeddable":true,"href":"https:\/\/inforesttimbers.com\/en\/wp-json\/wp\/v2\/product_tag?post=2754"}],"curies":[{"name":"wp","href":"https:\/\/api.w.org\/{rel}","templated":true}]}}