{"id":2758,"date":"2025-07-02T17:15:30","date_gmt":"2025-07-02T15:15:30","guid":{"rendered":"https:\/\/inforesttimbers.com\/?post_type=product&#038;p=2758"},"modified":"2025-07-02T17:15:30","modified_gmt":"2025-07-02T15:15:30","slug":"otono-25mm","status":"publish","type":"product","link":"https:\/\/inforesttimbers.com\/en\/producto\/otono-25mm\/","title":{"rendered":"OTO\u00d1O 25mm"},"content":{"rendered":"<p>Cuenta con filamentos de alta calidad que le otorgan una suavidad y un confort excepcionales, proporcionando una sensaci\u00f3n agradable al caminar o tumbarse sobre \u00e9l. Adem\u00e1s, su estructura innovadora le permite mantenerse erguido y en perfecto estado durante mucho tiempo, resistiendo a las condiciones clim\u00e1ticas m\u00e1s extremas. Nuestro c\u00e9sped <strong>Oto\u00f1o<\/strong>\u00a0es la soluci\u00f3n perfecta si quieres disfrutar de un jard\u00edn siempre perfecto sin tener que preocuparte por el mantenimiento y cuidado del c\u00e9sped natural.<\/p>\n<p>Solo disponible en rollos 2&#215;5.<\/p>\n","protected":false},"excerpt":{"rendered":"<p>Cuenta con filamentos de alta calidad que le otorgan una suavidad y un confort excepcionales, proporcionando una sensaci\u00f3n agradable al caminar o tumbarse sobre \u00e9l. Adem\u00e1s, su estructura innovadora le permite mantenerse erguido y en perfecto estado durante mucho tiempo, resistiendo a las condiciones clim\u00e1ticas m\u00e1s extremas. Nuestro c\u00e9sped Oto\u00f1o\u00a0es la soluci\u00f3n perfecta si quieres disfrutar de un jard\u00edn siempre perfecto sin tener que preocuparte por el mantenimiento y cuidado del c\u00e9sped natural. Solo disponible en rollos 2&#215;5.<\/p>\n","protected":false},"featured_media":2759,"template":"","meta":[],"product_brand":[],"product_cat":[26,22],"product_tag":[],"class_list":{"0":"post-2758","1":"product","2":"type-product","3":"status-publish","4":"has-post-thumbnail","6":"product_cat-cesped-artificial","7":"product_cat-jardineria","9":"first","10":"instock","11":"shipping-taxable","12":"purchasable","13":"product-type-simple"},"yoast_head":"<!-- This site is optimized with the Yoast SEO plugin v27.4 - https:\/\/yoast.com\/product\/yoast-seo-wordpress\/ -->\n<title>OTO\u00d1O 25mm - In-Forest Timbers<\/title>\n<meta name=\"robots\" content=\"index, follow, max-snippet:-1, max-image-preview:large, max-video-preview:-1\" \/>\n<link rel=\"canonical\" href=\"https:\/\/inforesttimbers.com\/en\/producto\/otono-25mm\/\" \/>\n<meta property=\"og:locale\" content=\"en_US\" \/>\n<meta property=\"og:type\" content=\"article\" \/>\n<meta property=\"og:title\" content=\"OTO\u00d1O 25mm - In-Forest Timbers\" \/>\n<meta property=\"og:description\" content=\"Cuenta con filamentos de alta calidad que le otorgan una suavidad y un confort excepcionales, proporcionando una sensaci\u00f3n agradable al caminar o tumbarse sobre \u00e9l. Adem\u00e1s, su estructura innovadora le permite mantenerse erguido y en perfecto estado durante mucho tiempo, resistiendo a las condiciones clim\u00e1ticas m\u00e1s extremas. Nuestro c\u00e9sped Oto\u00f1o\u00a0es la soluci\u00f3n perfecta si quieres disfrutar de un jard\u00edn siempre perfecto sin tener que preocuparte por el mantenimiento y cuidado del c\u00e9sped natural. Solo disponible en rollos 2&#215;5.\" \/>\n<meta property=\"og:url\" content=\"https:\/\/inforesttimbers.com\/en\/producto\/otono-25mm\/\" \/>\n<meta property=\"og:site_name\" content=\"In-Forest Timbers\" \/>\n<meta property=\"article:publisher\" content=\"https:\/\/www.facebook.com\/inforestmaderas\/\" \/>\n<meta property=\"og:image\" content=\"https:\/\/inforesttimbers.com\/wp-content\/uploads\/2025\/07\/image-36.webp\" \/>\n\t<meta property=\"og:image:width\" content=\"1050\" \/>\n\t<meta property=\"og:image:height\" content=\"700\" \/>\n\t<meta property=\"og:image:type\" content=\"image\/webp\" \/>\n<meta name=\"twitter:card\" content=\"summary_large_image\" \/>\n<meta name=\"twitter:label1\" content=\"Est. reading time\" \/>\n\t<meta name=\"twitter:data1\" content=\"1 minute\" \/>\n<script type=\"application\/ld+json\" class=\"yoast-schema-graph\">{\"@context\":\"https:\\\/\\\/schema.org\",\"@graph\":[{\"@type\":\"WebPage\",\"@id\":\"https:\\\/\\\/inforesttimbers.com\\\/en\\\/producto\\\/otono-25mm\\\/\",\"url\":\"https:\\\/\\\/inforesttimbers.com\\\/en\\\/producto\\\/otono-25mm\\\/\",\"name\":\"OTO\u00d1O 25mm - In-Forest Timbers\",\"isPartOf\":{\"@id\":\"https:\\\/\\\/inforesttimbers.com\\\/en\\\/#website\"},\"primaryImageOfPage\":{\"@id\":\"https:\\\/\\\/inforesttimbers.com\\\/en\\\/producto\\\/otono-25mm\\\/#primaryimage\"},\"image\":{\"@id\":\"https:\\\/\\\/inforesttimbers.com\\\/en\\\/producto\\\/otono-25mm\\\/#primaryimage\"},\"thumbnailUrl\":\"https:\\\/\\\/inforesttimbers.com\\\/wp-content\\\/uploads\\\/2025\\\/07\\\/image-36.webp\",\"datePublished\":\"2025-07-02T15:15:30+00:00\",\"breadcrumb\":{\"@id\":\"https:\\\/\\\/inforesttimbers.com\\\/en\\\/producto\\\/otono-25mm\\\/#breadcrumb\"},\"inLanguage\":\"en-US\",\"potentialAction\":[{\"@type\":\"ReadAction\",\"target\":[\"https:\\\/\\\/inforesttimbers.com\\\/en\\\/producto\\\/otono-25mm\\\/\"]}]},{\"@type\":\"ImageObject\",\"inLanguage\":\"en-US\",\"@id\":\"https:\\\/\\\/inforesttimbers.com\\\/en\\\/producto\\\/otono-25mm\\\/#primaryimage\",\"url\":\"https:\\\/\\\/inforesttimbers.com\\\/wp-content\\\/uploads\\\/2025\\\/07\\\/image-36.webp\",\"contentUrl\":\"https:\\\/\\\/inforesttimbers.com\\\/wp-content\\\/uploads\\\/2025\\\/07\\\/image-36.webp\",\"width\":1050,\"height\":700},{\"@type\":\"BreadcrumbList\",\"@id\":\"https:\\\/\\\/inforesttimbers.com\\\/en\\\/producto\\\/otono-25mm\\\/#breadcrumb\",\"itemListElement\":[{\"@type\":\"ListItem\",\"position\":1,\"name\":\"Home\",\"item\":\"https:\\\/\\\/inforesttimbers.com\\\/en\\\/home\\\/\"},{\"@type\":\"ListItem\",\"position\":2,\"name\":\"Products\",\"item\":\"https:\\\/\\\/inforesttimbers.com\\\/en\\\/shop\\\/\"},{\"@type\":\"ListItem\",\"position\":3,\"name\":\"OTO\u00d1O 25mm\"}]},{\"@type\":\"WebSite\",\"@id\":\"https:\\\/\\\/inforesttimbers.com\\\/en\\\/#website\",\"url\":\"https:\\\/\\\/inforesttimbers.com\\\/en\\\/\",\"name\":\"In-Forest Maderas\",\"description\":\"\",\"publisher\":{\"@id\":\"https:\\\/\\\/inforesttimbers.com\\\/en\\\/#organization\"},\"potentialAction\":[{\"@type\":\"SearchAction\",\"target\":{\"@type\":\"EntryPoint\",\"urlTemplate\":\"https:\\\/\\\/inforesttimbers.com\\\/en\\\/?s={search_term_string}\"},\"query-input\":{\"@type\":\"PropertyValueSpecification\",\"valueRequired\":true,\"valueName\":\"search_term_string\"}}],\"inLanguage\":\"en-US\"},{\"@type\":\"Organization\",\"@id\":\"https:\\\/\\\/inforesttimbers.com\\\/en\\\/#organization\",\"name\":\"In-Forest Maderas\",\"url\":\"https:\\\/\\\/inforesttimbers.com\\\/en\\\/\",\"logo\":{\"@type\":\"ImageObject\",\"inLanguage\":\"en-US\",\"@id\":\"https:\\\/\\\/inforesttimbers.com\\\/en\\\/#\\\/schema\\\/logo\\\/image\\\/\",\"url\":\"https:\\\/\\\/inforesttimbers.com\\\/wp-content\\\/uploads\\\/2024\\\/09\\\/logo_fullsize.png\",\"contentUrl\":\"https:\\\/\\\/inforesttimbers.com\\\/wp-content\\\/uploads\\\/2024\\\/09\\\/logo_fullsize.png\",\"width\":500,\"height\":96,\"caption\":\"In-Forest Maderas\"},\"image\":{\"@id\":\"https:\\\/\\\/inforesttimbers.com\\\/en\\\/#\\\/schema\\\/logo\\\/image\\\/\"},\"sameAs\":[\"https:\\\/\\\/www.facebook.com\\\/inforestmaderas\\\/\",\"https:\\\/\\\/www.instagram.com\\\/maderas_inforest\\\/\"]}]}<\/script>\n<!-- \/ Yoast SEO plugin. -->","yoast_head_json":{"title":"OTO\u00d1O 25mm - In-Forest Timbers","robots":{"index":"index","follow":"follow","max-snippet":"max-snippet:-1","max-image-preview":"max-image-preview:large","max-video-preview":"max-video-preview:-1"},"canonical":"https:\/\/inforesttimbers.com\/en\/producto\/otono-25mm\/","og_locale":"en_US","og_type":"article","og_title":"OTO\u00d1O 25mm - In-Forest Timbers","og_description":"Cuenta con filamentos de alta calidad que le otorgan una suavidad y un confort excepcionales, proporcionando una sensaci\u00f3n agradable al caminar o tumbarse sobre \u00e9l. Adem\u00e1s, su estructura innovadora le permite mantenerse erguido y en perfecto estado durante mucho tiempo, resistiendo a las condiciones clim\u00e1ticas m\u00e1s extremas. Nuestro c\u00e9sped Oto\u00f1o\u00a0es la soluci\u00f3n perfecta si quieres disfrutar de un jard\u00edn siempre perfecto sin tener que preocuparte por el mantenimiento y cuidado del c\u00e9sped natural. Solo disponible en rollos 2&#215;5.","og_url":"https:\/\/inforesttimbers.com\/en\/producto\/otono-25mm\/","og_site_name":"In-Forest Timbers","article_publisher":"https:\/\/www.facebook.com\/inforestmaderas\/","og_image":[{"width":1050,"height":700,"url":"https:\/\/inforesttimbers.com\/wp-content\/uploads\/2025\/07\/image-36.webp","type":"image\/webp"}],"twitter_card":"summary_large_image","twitter_misc":{"Est. reading time":"1 minute"},"schema":{"@context":"https:\/\/schema.org","@graph":[{"@type":"WebPage","@id":"https:\/\/inforesttimbers.com\/en\/producto\/otono-25mm\/","url":"https:\/\/inforesttimbers.com\/en\/producto\/otono-25mm\/","name":"OTO\u00d1O 25mm - In-Forest Timbers","isPartOf":{"@id":"https:\/\/inforesttimbers.com\/en\/#website"},"primaryImageOfPage":{"@id":"https:\/\/inforesttimbers.com\/en\/producto\/otono-25mm\/#primaryimage"},"image":{"@id":"https:\/\/inforesttimbers.com\/en\/producto\/otono-25mm\/#primaryimage"},"thumbnailUrl":"https:\/\/inforesttimbers.com\/wp-content\/uploads\/2025\/07\/image-36.webp","datePublished":"2025-07-02T15:15:30+00:00","breadcrumb":{"@id":"https:\/\/inforesttimbers.com\/en\/producto\/otono-25mm\/#breadcrumb"},"inLanguage":"en-US","potentialAction":[{"@type":"ReadAction","target":["https:\/\/inforesttimbers.com\/en\/producto\/otono-25mm\/"]}]},{"@type":"ImageObject","inLanguage":"en-US","@id":"https:\/\/inforesttimbers.com\/en\/producto\/otono-25mm\/#primaryimage","url":"https:\/\/inforesttimbers.com\/wp-content\/uploads\/2025\/07\/image-36.webp","contentUrl":"https:\/\/inforesttimbers.com\/wp-content\/uploads\/2025\/07\/image-36.webp","width":1050,"height":700},{"@type":"BreadcrumbList","@id":"https:\/\/inforesttimbers.com\/en\/producto\/otono-25mm\/#breadcrumb","itemListElement":[{"@type":"ListItem","position":1,"name":"Home","item":"https:\/\/inforesttimbers.com\/en\/home\/"},{"@type":"ListItem","position":2,"name":"Products","item":"https:\/\/inforesttimbers.com\/en\/shop\/"},{"@type":"ListItem","position":3,"name":"OTO\u00d1O 25mm"}]},{"@type":"WebSite","@id":"https:\/\/inforesttimbers.com\/en\/#website","url":"https:\/\/inforesttimbers.com\/en\/","name":"In-Forest Maderas","description":"","publisher":{"@id":"https:\/\/inforesttimbers.com\/en\/#organization"},"potentialAction":[{"@type":"SearchAction","target":{"@type":"EntryPoint","urlTemplate":"https:\/\/inforesttimbers.com\/en\/?s={search_term_string}"},"query-input":{"@type":"PropertyValueSpecification","valueRequired":true,"valueName":"search_term_string"}}],"inLanguage":"en-US"},{"@type":"Organization","@id":"https:\/\/inforesttimbers.com\/en\/#organization","name":"In-Forest Maderas","url":"https:\/\/inforesttimbers.com\/en\/","logo":{"@type":"ImageObject","inLanguage":"en-US","@id":"https:\/\/inforesttimbers.com\/en\/#\/schema\/logo\/image\/","url":"https:\/\/inforesttimbers.com\/wp-content\/uploads\/2024\/09\/logo_fullsize.png","contentUrl":"https:\/\/inforesttimbers.com\/wp-content\/uploads\/2024\/09\/logo_fullsize.png","width":500,"height":96,"caption":"In-Forest Maderas"},"image":{"@id":"https:\/\/inforesttimbers.com\/en\/#\/schema\/logo\/image\/"},"sameAs":["https:\/\/www.facebook.com\/inforestmaderas\/","https:\/\/www.instagram.com\/maderas_inforest\/"]}]}},"_links":{"self":[{"href":"https:\/\/inforesttimbers.com\/en\/wp-json\/wp\/v2\/product\/2758","targetHints":{"allow":["GET"]}}],"collection":[{"href":"https:\/\/inforesttimbers.com\/en\/wp-json\/wp\/v2\/product"}],"about":[{"href":"https:\/\/inforesttimbers.com\/en\/wp-json\/wp\/v2\/types\/product"}],"version-history":[{"count":1,"href":"https:\/\/inforesttimbers.com\/en\/wp-json\/wp\/v2\/product\/2758\/revisions"}],"predecessor-version":[{"id":2761,"href":"https:\/\/inforesttimbers.com\/en\/wp-json\/wp\/v2\/product\/2758\/revisions\/2761"}],"wp:featuredmedia":[{"embeddable":true,"href":"https:\/\/inforesttimbers.com\/en\/wp-json\/wp\/v2\/media\/2759"}],"wp:attachment":[{"href":"https:\/\/inforesttimbers.com\/en\/wp-json\/wp\/v2\/media?parent=2758"}],"wp:term":[{"taxonomy":"product_brand","embeddable":true,"href":"https:\/\/inforesttimbers.com\/en\/wp-json\/wp\/v2\/product_brand?post=2758"},{"taxonomy":"product_cat","embeddable":true,"href":"https:\/\/inforesttimbers.com\/en\/wp-json\/wp\/v2\/product_cat?post=2758"},{"taxonomy":"product_tag","embeddable":true,"href":"https:\/\/inforesttimbers.com\/en\/wp-json\/wp\/v2\/product_tag?post=2758"}],"curies":[{"name":"wp","href":"https:\/\/api.w.org\/{rel}","templated":true}]}}