{"id":2764,"date":"2025-07-07T11:02:41","date_gmt":"2025-07-07T09:02:41","guid":{"rendered":"https:\/\/inforesttimbers.com\/?post_type=product&#038;p=2764"},"modified":"2025-07-08T12:42:26","modified_gmt":"2025-07-08T10:42:26","slug":"rollo-canizo-entero-2x5m","status":"publish","type":"product","link":"https:\/\/inforesttimbers.com\/en\/producto\/rollo-canizo-entero-2x5m\/","title":{"rendered":"ROLLO CA\u00d1IZO ENTERO"},"content":{"rendered":"<p data-start=\"123\" data-end=\"191\"><strong data-start=\"123\" data-end=\"191\">Rollo de ca\u00f1izo entero\u00a0 \u2013 Alta calidad y durabilidad<\/strong><\/p>\n<p data-start=\"193\" data-end=\"433\">Aporta privacidad, estilo y protecci\u00f3n a tu hogar o jard\u00edn con este rollo de ca\u00f1izo natural. Fabricado con materia prima de alta calidad y cosido con alambre de 1 mm de grosor, garantiza una gran resistencia y larga vida \u00fatil.<\/p>\n<p data-start=\"435\" data-end=\"656\">Su dise\u00f1o ecol\u00f3gico y natural se integra perfectamente en cualquier entorno exterior, proporcionando una barrera eficaz contra el viento y las miradas indiscretas. Ideal para decorar vallas, terrazas, balcones o p\u00e9rgolas.<\/p>\n<p data-start=\"658\" data-end=\"754\"><strong data-start=\"658\" data-end=\"685\">\u2714 Resistente y duradero<\/strong><br data-start=\"685\" data-end=\"688\" \/><strong data-start=\"688\" data-end=\"710\">\u2714 Est\u00e9tica natural<\/strong><br data-start=\"710\" data-end=\"713\" \/><strong data-start=\"713\" data-end=\"736\">\u2714 F\u00e1cil de instalar<\/strong><br data-start=\"736\" data-end=\"739\" \/><strong data-start=\"739\" data-end=\"754\">\u2714 Ecol\u00f3gico<\/strong><\/p>\n<p data-start=\"756\" data-end=\"849\">\u00a1Renueva tus espacios exteriores con un producto funcional, decorativo y de calidad superior!<\/p>\n<p data-start=\"756\" data-end=\"849\"><strong>Disponible en las siguientes medidas:<\/strong><\/p>\n<ul>\n<li data-start=\"756\" data-end=\"849\">1&#215;5 metros<\/li>\n<li data-start=\"756\" data-end=\"849\">1&#8217;5&#215;5 metros<\/li>\n<li data-start=\"756\" data-end=\"849\">2&#215;5 metros<\/li>\n<\/ul>\n","protected":false},"excerpt":{"rendered":"<p>Rollo de ca\u00f1izo entero\u00a0 \u2013 Alta calidad y durabilidad Aporta privacidad, estilo y protecci\u00f3n a tu hogar o jard\u00edn con este rollo de ca\u00f1izo natural. Fabricado con materia prima de alta calidad y cosido con alambre de 1 mm de grosor, garantiza una gran resistencia y larga vida \u00fatil. Su dise\u00f1o ecol\u00f3gico y natural se integra perfectamente en cualquier entorno exterior, proporcionando una barrera eficaz contra el viento y las miradas indiscretas. Ideal para decorar vallas, terrazas, balcones o p\u00e9rgolas. \u2714 Resistente y duradero\u2714 Est\u00e9tica natural\u2714 F\u00e1cil de instalar\u2714 Ecol\u00f3gico \u00a1Renueva tus espacios exteriores con un producto funcional, decorativo y de calidad superior! Disponible en las siguientes medidas: 1&#215;5 metros 1&#8217;5&#215;5 metros 2&#215;5 metros<\/p>\n","protected":false},"featured_media":2765,"template":"","meta":[],"product_brand":[],"product_cat":[57,22],"product_tag":[],"class_list":{"0":"post-2764","1":"product","2":"type-product","3":"status-publish","4":"has-post-thumbnail","6":"product_cat-canizo-bambu","7":"product_cat-jardineria","9":"first","10":"instock","11":"shipping-taxable","12":"purchasable","13":"product-type-simple"},"yoast_head":"<!-- This site is optimized with the Yoast SEO plugin v27.3 - https:\/\/yoast.com\/product\/yoast-seo-wordpress\/ -->\n<title>ROLLO CA\u00d1IZO ENTERO - In-Forest Timbers<\/title>\n<meta name=\"robots\" content=\"index, follow, max-snippet:-1, max-image-preview:large, max-video-preview:-1\" \/>\n<link rel=\"canonical\" href=\"https:\/\/inforesttimbers.com\/en\/producto\/rollo-canizo-entero-2x5m\/\" \/>\n<meta property=\"og:locale\" content=\"en_US\" \/>\n<meta property=\"og:type\" content=\"article\" \/>\n<meta property=\"og:title\" content=\"ROLLO CA\u00d1IZO ENTERO - In-Forest Timbers\" \/>\n<meta property=\"og:description\" content=\"Rollo de ca\u00f1izo entero\u00a0 \u2013 Alta calidad y durabilidad Aporta privacidad, estilo y protecci\u00f3n a tu hogar o jard\u00edn con este rollo de ca\u00f1izo natural. Fabricado con materia prima de alta calidad y cosido con alambre de 1 mm de grosor, garantiza una gran resistencia y larga vida \u00fatil. Su dise\u00f1o ecol\u00f3gico y natural se integra perfectamente en cualquier entorno exterior, proporcionando una barrera eficaz contra el viento y las miradas indiscretas. Ideal para decorar vallas, terrazas, balcones o p\u00e9rgolas. \u2714 Resistente y duradero\u2714 Est\u00e9tica natural\u2714 F\u00e1cil de instalar\u2714 Ecol\u00f3gico \u00a1Renueva tus espacios exteriores con un producto funcional, decorativo y de calidad superior! Disponible en las siguientes medidas: 1&#215;5 metros 1&#8217;5&#215;5 metros 2&#215;5 metros\" \/>\n<meta property=\"og:url\" content=\"https:\/\/inforesttimbers.com\/en\/producto\/rollo-canizo-entero-2x5m\/\" \/>\n<meta property=\"og:site_name\" content=\"In-Forest Timbers\" \/>\n<meta property=\"article:publisher\" content=\"https:\/\/www.facebook.com\/inforestmaderas\/\" \/>\n<meta property=\"article:modified_time\" content=\"2025-07-08T10:42:26+00:00\" \/>\n<meta property=\"og:image\" content=\"https:\/\/inforesttimbers.com\/wp-content\/uploads\/2025\/07\/image-1.webp\" \/>\n\t<meta property=\"og:image:width\" content=\"497\" \/>\n\t<meta property=\"og:image:height\" content=\"1050\" \/>\n\t<meta property=\"og:image:type\" content=\"image\/webp\" \/>\n<meta name=\"twitter:card\" content=\"summary_large_image\" \/>\n<meta name=\"twitter:label1\" content=\"Est. reading time\" \/>\n\t<meta name=\"twitter:data1\" content=\"1 minute\" \/>\n<script type=\"application\/ld+json\" class=\"yoast-schema-graph\">{\"@context\":\"https:\\\/\\\/schema.org\",\"@graph\":[{\"@type\":\"WebPage\",\"@id\":\"https:\\\/\\\/inforesttimbers.com\\\/en\\\/producto\\\/rollo-canizo-entero-2x5m\\\/\",\"url\":\"https:\\\/\\\/inforesttimbers.com\\\/en\\\/producto\\\/rollo-canizo-entero-2x5m\\\/\",\"name\":\"ROLLO CA\u00d1IZO ENTERO - In-Forest Timbers\",\"isPartOf\":{\"@id\":\"https:\\\/\\\/inforesttimbers.com\\\/en\\\/#website\"},\"primaryImageOfPage\":{\"@id\":\"https:\\\/\\\/inforesttimbers.com\\\/en\\\/producto\\\/rollo-canizo-entero-2x5m\\\/#primaryimage\"},\"image\":{\"@id\":\"https:\\\/\\\/inforesttimbers.com\\\/en\\\/producto\\\/rollo-canizo-entero-2x5m\\\/#primaryimage\"},\"thumbnailUrl\":\"https:\\\/\\\/inforesttimbers.com\\\/wp-content\\\/uploads\\\/2025\\\/07\\\/image-1.webp\",\"datePublished\":\"2025-07-07T09:02:41+00:00\",\"dateModified\":\"2025-07-08T10:42:26+00:00\",\"breadcrumb\":{\"@id\":\"https:\\\/\\\/inforesttimbers.com\\\/en\\\/producto\\\/rollo-canizo-entero-2x5m\\\/#breadcrumb\"},\"inLanguage\":\"en-US\",\"potentialAction\":[{\"@type\":\"ReadAction\",\"target\":[\"https:\\\/\\\/inforesttimbers.com\\\/en\\\/producto\\\/rollo-canizo-entero-2x5m\\\/\"]}]},{\"@type\":\"ImageObject\",\"inLanguage\":\"en-US\",\"@id\":\"https:\\\/\\\/inforesttimbers.com\\\/en\\\/producto\\\/rollo-canizo-entero-2x5m\\\/#primaryimage\",\"url\":\"https:\\\/\\\/inforesttimbers.com\\\/wp-content\\\/uploads\\\/2025\\\/07\\\/image-1.webp\",\"contentUrl\":\"https:\\\/\\\/inforesttimbers.com\\\/wp-content\\\/uploads\\\/2025\\\/07\\\/image-1.webp\",\"width\":497,\"height\":1050},{\"@type\":\"BreadcrumbList\",\"@id\":\"https:\\\/\\\/inforesttimbers.com\\\/en\\\/producto\\\/rollo-canizo-entero-2x5m\\\/#breadcrumb\",\"itemListElement\":[{\"@type\":\"ListItem\",\"position\":1,\"name\":\"Home\",\"item\":\"https:\\\/\\\/inforesttimbers.com\\\/en\\\/home\\\/\"},{\"@type\":\"ListItem\",\"position\":2,\"name\":\"Products\",\"item\":\"https:\\\/\\\/inforesttimbers.com\\\/en\\\/shop\\\/\"},{\"@type\":\"ListItem\",\"position\":3,\"name\":\"ROLLO CA\u00d1IZO ENTERO\"}]},{\"@type\":\"WebSite\",\"@id\":\"https:\\\/\\\/inforesttimbers.com\\\/en\\\/#website\",\"url\":\"https:\\\/\\\/inforesttimbers.com\\\/en\\\/\",\"name\":\"In-Forest Maderas\",\"description\":\"\",\"publisher\":{\"@id\":\"https:\\\/\\\/inforesttimbers.com\\\/en\\\/#organization\"},\"potentialAction\":[{\"@type\":\"SearchAction\",\"target\":{\"@type\":\"EntryPoint\",\"urlTemplate\":\"https:\\\/\\\/inforesttimbers.com\\\/en\\\/?s={search_term_string}\"},\"query-input\":{\"@type\":\"PropertyValueSpecification\",\"valueRequired\":true,\"valueName\":\"search_term_string\"}}],\"inLanguage\":\"en-US\"},{\"@type\":\"Organization\",\"@id\":\"https:\\\/\\\/inforesttimbers.com\\\/en\\\/#organization\",\"name\":\"In-Forest Maderas\",\"url\":\"https:\\\/\\\/inforesttimbers.com\\\/en\\\/\",\"logo\":{\"@type\":\"ImageObject\",\"inLanguage\":\"en-US\",\"@id\":\"https:\\\/\\\/inforesttimbers.com\\\/en\\\/#\\\/schema\\\/logo\\\/image\\\/\",\"url\":\"https:\\\/\\\/inforesttimbers.com\\\/wp-content\\\/uploads\\\/2024\\\/09\\\/logo_fullsize.png\",\"contentUrl\":\"https:\\\/\\\/inforesttimbers.com\\\/wp-content\\\/uploads\\\/2024\\\/09\\\/logo_fullsize.png\",\"width\":500,\"height\":96,\"caption\":\"In-Forest Maderas\"},\"image\":{\"@id\":\"https:\\\/\\\/inforesttimbers.com\\\/en\\\/#\\\/schema\\\/logo\\\/image\\\/\"},\"sameAs\":[\"https:\\\/\\\/www.facebook.com\\\/inforestmaderas\\\/\",\"https:\\\/\\\/www.instagram.com\\\/maderas_inforest\\\/\"]}]}<\/script>\n<!-- \/ Yoast SEO plugin. -->","yoast_head_json":{"title":"ROLLO CA\u00d1IZO ENTERO - In-Forest Timbers","robots":{"index":"index","follow":"follow","max-snippet":"max-snippet:-1","max-image-preview":"max-image-preview:large","max-video-preview":"max-video-preview:-1"},"canonical":"https:\/\/inforesttimbers.com\/en\/producto\/rollo-canizo-entero-2x5m\/","og_locale":"en_US","og_type":"article","og_title":"ROLLO CA\u00d1IZO ENTERO - In-Forest Timbers","og_description":"Rollo de ca\u00f1izo entero\u00a0 \u2013 Alta calidad y durabilidad Aporta privacidad, estilo y protecci\u00f3n a tu hogar o jard\u00edn con este rollo de ca\u00f1izo natural. Fabricado con materia prima de alta calidad y cosido con alambre de 1 mm de grosor, garantiza una gran resistencia y larga vida \u00fatil. Su dise\u00f1o ecol\u00f3gico y natural se integra perfectamente en cualquier entorno exterior, proporcionando una barrera eficaz contra el viento y las miradas indiscretas. Ideal para decorar vallas, terrazas, balcones o p\u00e9rgolas. \u2714 Resistente y duradero\u2714 Est\u00e9tica natural\u2714 F\u00e1cil de instalar\u2714 Ecol\u00f3gico \u00a1Renueva tus espacios exteriores con un producto funcional, decorativo y de calidad superior! Disponible en las siguientes medidas: 1&#215;5 metros 1&#8217;5&#215;5 metros 2&#215;5 metros","og_url":"https:\/\/inforesttimbers.com\/en\/producto\/rollo-canizo-entero-2x5m\/","og_site_name":"In-Forest Timbers","article_publisher":"https:\/\/www.facebook.com\/inforestmaderas\/","article_modified_time":"2025-07-08T10:42:26+00:00","og_image":[{"width":497,"height":1050,"url":"https:\/\/inforesttimbers.com\/wp-content\/uploads\/2025\/07\/image-1.webp","type":"image\/webp"}],"twitter_card":"summary_large_image","twitter_misc":{"Est. reading time":"1 minute"},"schema":{"@context":"https:\/\/schema.org","@graph":[{"@type":"WebPage","@id":"https:\/\/inforesttimbers.com\/en\/producto\/rollo-canizo-entero-2x5m\/","url":"https:\/\/inforesttimbers.com\/en\/producto\/rollo-canizo-entero-2x5m\/","name":"ROLLO CA\u00d1IZO ENTERO - In-Forest Timbers","isPartOf":{"@id":"https:\/\/inforesttimbers.com\/en\/#website"},"primaryImageOfPage":{"@id":"https:\/\/inforesttimbers.com\/en\/producto\/rollo-canizo-entero-2x5m\/#primaryimage"},"image":{"@id":"https:\/\/inforesttimbers.com\/en\/producto\/rollo-canizo-entero-2x5m\/#primaryimage"},"thumbnailUrl":"https:\/\/inforesttimbers.com\/wp-content\/uploads\/2025\/07\/image-1.webp","datePublished":"2025-07-07T09:02:41+00:00","dateModified":"2025-07-08T10:42:26+00:00","breadcrumb":{"@id":"https:\/\/inforesttimbers.com\/en\/producto\/rollo-canizo-entero-2x5m\/#breadcrumb"},"inLanguage":"en-US","potentialAction":[{"@type":"ReadAction","target":["https:\/\/inforesttimbers.com\/en\/producto\/rollo-canizo-entero-2x5m\/"]}]},{"@type":"ImageObject","inLanguage":"en-US","@id":"https:\/\/inforesttimbers.com\/en\/producto\/rollo-canizo-entero-2x5m\/#primaryimage","url":"https:\/\/inforesttimbers.com\/wp-content\/uploads\/2025\/07\/image-1.webp","contentUrl":"https:\/\/inforesttimbers.com\/wp-content\/uploads\/2025\/07\/image-1.webp","width":497,"height":1050},{"@type":"BreadcrumbList","@id":"https:\/\/inforesttimbers.com\/en\/producto\/rollo-canizo-entero-2x5m\/#breadcrumb","itemListElement":[{"@type":"ListItem","position":1,"name":"Home","item":"https:\/\/inforesttimbers.com\/en\/home\/"},{"@type":"ListItem","position":2,"name":"Products","item":"https:\/\/inforesttimbers.com\/en\/shop\/"},{"@type":"ListItem","position":3,"name":"ROLLO CA\u00d1IZO ENTERO"}]},{"@type":"WebSite","@id":"https:\/\/inforesttimbers.com\/en\/#website","url":"https:\/\/inforesttimbers.com\/en\/","name":"In-Forest Maderas","description":"","publisher":{"@id":"https:\/\/inforesttimbers.com\/en\/#organization"},"potentialAction":[{"@type":"SearchAction","target":{"@type":"EntryPoint","urlTemplate":"https:\/\/inforesttimbers.com\/en\/?s={search_term_string}"},"query-input":{"@type":"PropertyValueSpecification","valueRequired":true,"valueName":"search_term_string"}}],"inLanguage":"en-US"},{"@type":"Organization","@id":"https:\/\/inforesttimbers.com\/en\/#organization","name":"In-Forest Maderas","url":"https:\/\/inforesttimbers.com\/en\/","logo":{"@type":"ImageObject","inLanguage":"en-US","@id":"https:\/\/inforesttimbers.com\/en\/#\/schema\/logo\/image\/","url":"https:\/\/inforesttimbers.com\/wp-content\/uploads\/2024\/09\/logo_fullsize.png","contentUrl":"https:\/\/inforesttimbers.com\/wp-content\/uploads\/2024\/09\/logo_fullsize.png","width":500,"height":96,"caption":"In-Forest Maderas"},"image":{"@id":"https:\/\/inforesttimbers.com\/en\/#\/schema\/logo\/image\/"},"sameAs":["https:\/\/www.facebook.com\/inforestmaderas\/","https:\/\/www.instagram.com\/maderas_inforest\/"]}]}},"_links":{"self":[{"href":"https:\/\/inforesttimbers.com\/en\/wp-json\/wp\/v2\/product\/2764","targetHints":{"allow":["GET"]}}],"collection":[{"href":"https:\/\/inforesttimbers.com\/en\/wp-json\/wp\/v2\/product"}],"about":[{"href":"https:\/\/inforesttimbers.com\/en\/wp-json\/wp\/v2\/types\/product"}],"version-history":[{"count":3,"href":"https:\/\/inforesttimbers.com\/en\/wp-json\/wp\/v2\/product\/2764\/revisions"}],"predecessor-version":[{"id":2781,"href":"https:\/\/inforesttimbers.com\/en\/wp-json\/wp\/v2\/product\/2764\/revisions\/2781"}],"wp:featuredmedia":[{"embeddable":true,"href":"https:\/\/inforesttimbers.com\/en\/wp-json\/wp\/v2\/media\/2765"}],"wp:attachment":[{"href":"https:\/\/inforesttimbers.com\/en\/wp-json\/wp\/v2\/media?parent=2764"}],"wp:term":[{"taxonomy":"product_brand","embeddable":true,"href":"https:\/\/inforesttimbers.com\/en\/wp-json\/wp\/v2\/product_brand?post=2764"},{"taxonomy":"product_cat","embeddable":true,"href":"https:\/\/inforesttimbers.com\/en\/wp-json\/wp\/v2\/product_cat?post=2764"},{"taxonomy":"product_tag","embeddable":true,"href":"https:\/\/inforesttimbers.com\/en\/wp-json\/wp\/v2\/product_tag?post=2764"}],"curies":[{"name":"wp","href":"https:\/\/api.w.org\/{rel}","templated":true}]}}