{"id":4007,"date":"2025-11-26T15:07:22","date_gmt":"2025-11-26T14:07:22","guid":{"rendered":"https:\/\/inforesttimbers.com\/?post_type=product&#038;p=4007"},"modified":"2026-01-07T13:35:43","modified_gmt":"2026-01-07T12:35:43","slug":"rollo-mimbre-importacion-2x3m","status":"publish","type":"product","link":"https:\/\/inforesttimbers.com\/en\/producto\/rollo-mimbre-importacion-2x3m\/","title":{"rendered":"ROLLO MIMBRE IMPORTACI\u00d3N 2X3m"},"content":{"rendered":"<p>El <strong>mimbre de importaci\u00f3n<\/strong> es una excelente elecci\u00f3n para quienes buscan un material de gran calidad con un aspecto singular para crear zonas de ocultaci\u00f3n, sombra o separaci\u00f3n tanto en interiores como en exteriores. Este mimbre natural ofrece una alternativa perfecta para quienes desean a\u00f1adir un aire ex\u00f3tico y diferente a su decoraci\u00f3n, aportando un estilo elegante y con personalidad a cualquier espacio.<\/p>\n<p data-start=\"545\" data-end=\"680\" data-is-last-node=\"\"><strong data-start=\"658\" data-end=\"685\">\u2714 Est\u00e9tica variada y \u00fanica<\/strong><br data-start=\"685\" data-end=\"688\" \/><strong data-start=\"688\" data-end=\"710\">\u2714 Alta resistencia y durabilidad<\/strong><br data-start=\"710\" data-end=\"713\" \/><strong data-start=\"713\" data-end=\"736\">\u2714 Estructura reforzada<\/strong><br data-start=\"736\" data-end=\"739\" \/><strong data-start=\"739\" data-end=\"754\">\u2714 Privacidad garantizada<\/strong><\/p>\n","protected":false},"excerpt":{"rendered":"<p>El mimbre de importaci\u00f3n es una excelente elecci\u00f3n para quienes buscan un material de gran calidad con un aspecto singular para crear zonas de ocultaci\u00f3n, sombra o separaci\u00f3n tanto en interiores como en exteriores. Este mimbre natural ofrece una alternativa perfecta para quienes desean a\u00f1adir un aire ex\u00f3tico y diferente a su decoraci\u00f3n, aportando un estilo elegante y con personalidad a cualquier espacio. \u2714 Est\u00e9tica variada y \u00fanica\u2714 Alta resistencia y durabilidad\u2714 Estructura reforzada\u2714 Privacidad garantizada<\/p>\n","protected":false},"featured_media":4009,"template":"","meta":[],"product_brand":[],"product_cat":[57,22],"product_tag":[],"class_list":{"0":"post-4007","1":"product","2":"type-product","3":"status-publish","4":"has-post-thumbnail","6":"product_cat-canizo-bambu","7":"product_cat-jardineria","9":"first","10":"instock","11":"shipping-taxable","12":"purchasable","13":"product-type-simple"},"yoast_head":"<!-- This site is optimized with the Yoast SEO plugin v27.4 - https:\/\/yoast.com\/product\/yoast-seo-wordpress\/ -->\n<title>ROLLO MIMBRE IMPORTACI\u00d3N 2X3m - In-Forest Timbers<\/title>\n<meta name=\"robots\" content=\"index, follow, max-snippet:-1, max-image-preview:large, max-video-preview:-1\" \/>\n<link rel=\"canonical\" href=\"https:\/\/inforesttimbers.com\/en\/producto\/rollo-mimbre-importacion-2x3m\/\" \/>\n<meta property=\"og:locale\" content=\"en_US\" \/>\n<meta property=\"og:type\" content=\"article\" \/>\n<meta property=\"og:title\" content=\"ROLLO MIMBRE IMPORTACI\u00d3N 2X3m - In-Forest Timbers\" \/>\n<meta property=\"og:description\" content=\"El mimbre de importaci\u00f3n es una excelente elecci\u00f3n para quienes buscan un material de gran calidad con un aspecto singular para crear zonas de ocultaci\u00f3n, sombra o separaci\u00f3n tanto en interiores como en exteriores. Este mimbre natural ofrece una alternativa perfecta para quienes desean a\u00f1adir un aire ex\u00f3tico y diferente a su decoraci\u00f3n, aportando un estilo elegante y con personalidad a cualquier espacio. \u2714 Est\u00e9tica variada y \u00fanica\u2714 Alta resistencia y durabilidad\u2714 Estructura reforzada\u2714 Privacidad garantizada\" \/>\n<meta property=\"og:url\" content=\"https:\/\/inforesttimbers.com\/en\/producto\/rollo-mimbre-importacion-2x3m\/\" \/>\n<meta property=\"og:site_name\" content=\"In-Forest Timbers\" \/>\n<meta property=\"article:publisher\" content=\"https:\/\/www.facebook.com\/inforestmaderas\/\" \/>\n<meta property=\"article:modified_time\" content=\"2026-01-07T12:35:43+00:00\" \/>\n<meta property=\"og:image\" content=\"https:\/\/inforesttimbers.com\/wp-content\/uploads\/2025\/11\/image-2025-11-26T150113.395.webp\" \/>\n\t<meta property=\"og:image:width\" content=\"1050\" \/>\n\t<meta property=\"og:image:height\" content=\"377\" \/>\n\t<meta property=\"og:image:type\" content=\"image\/webp\" \/>\n<meta name=\"twitter:card\" content=\"summary_large_image\" \/>\n<meta name=\"twitter:label1\" content=\"Est. reading time\" \/>\n\t<meta name=\"twitter:data1\" content=\"1 minute\" \/>\n<script type=\"application\/ld+json\" class=\"yoast-schema-graph\">{\"@context\":\"https:\\\/\\\/schema.org\",\"@graph\":[{\"@type\":\"WebPage\",\"@id\":\"https:\\\/\\\/inforesttimbers.com\\\/en\\\/producto\\\/rollo-mimbre-importacion-2x3m\\\/\",\"url\":\"https:\\\/\\\/inforesttimbers.com\\\/en\\\/producto\\\/rollo-mimbre-importacion-2x3m\\\/\",\"name\":\"ROLLO MIMBRE IMPORTACI\u00d3N 2X3m - In-Forest Timbers\",\"isPartOf\":{\"@id\":\"https:\\\/\\\/inforesttimbers.com\\\/en\\\/#website\"},\"primaryImageOfPage\":{\"@id\":\"https:\\\/\\\/inforesttimbers.com\\\/en\\\/producto\\\/rollo-mimbre-importacion-2x3m\\\/#primaryimage\"},\"image\":{\"@id\":\"https:\\\/\\\/inforesttimbers.com\\\/en\\\/producto\\\/rollo-mimbre-importacion-2x3m\\\/#primaryimage\"},\"thumbnailUrl\":\"https:\\\/\\\/inforesttimbers.com\\\/wp-content\\\/uploads\\\/2025\\\/11\\\/image-2025-11-26T150113.395.webp\",\"datePublished\":\"2025-11-26T14:07:22+00:00\",\"dateModified\":\"2026-01-07T12:35:43+00:00\",\"breadcrumb\":{\"@id\":\"https:\\\/\\\/inforesttimbers.com\\\/en\\\/producto\\\/rollo-mimbre-importacion-2x3m\\\/#breadcrumb\"},\"inLanguage\":\"en-US\",\"potentialAction\":[{\"@type\":\"ReadAction\",\"target\":[\"https:\\\/\\\/inforesttimbers.com\\\/en\\\/producto\\\/rollo-mimbre-importacion-2x3m\\\/\"]}]},{\"@type\":\"ImageObject\",\"inLanguage\":\"en-US\",\"@id\":\"https:\\\/\\\/inforesttimbers.com\\\/en\\\/producto\\\/rollo-mimbre-importacion-2x3m\\\/#primaryimage\",\"url\":\"https:\\\/\\\/inforesttimbers.com\\\/wp-content\\\/uploads\\\/2025\\\/11\\\/image-2025-11-26T150113.395.webp\",\"contentUrl\":\"https:\\\/\\\/inforesttimbers.com\\\/wp-content\\\/uploads\\\/2025\\\/11\\\/image-2025-11-26T150113.395.webp\",\"width\":1050,\"height\":377},{\"@type\":\"BreadcrumbList\",\"@id\":\"https:\\\/\\\/inforesttimbers.com\\\/en\\\/producto\\\/rollo-mimbre-importacion-2x3m\\\/#breadcrumb\",\"itemListElement\":[{\"@type\":\"ListItem\",\"position\":1,\"name\":\"Home\",\"item\":\"https:\\\/\\\/inforesttimbers.com\\\/en\\\/home\\\/\"},{\"@type\":\"ListItem\",\"position\":2,\"name\":\"Products\",\"item\":\"https:\\\/\\\/inforesttimbers.com\\\/en\\\/shop\\\/\"},{\"@type\":\"ListItem\",\"position\":3,\"name\":\"ROLLO MIMBRE IMPORTACI\u00d3N 2X3m\"}]},{\"@type\":\"WebSite\",\"@id\":\"https:\\\/\\\/inforesttimbers.com\\\/en\\\/#website\",\"url\":\"https:\\\/\\\/inforesttimbers.com\\\/en\\\/\",\"name\":\"In-Forest Maderas\",\"description\":\"\",\"publisher\":{\"@id\":\"https:\\\/\\\/inforesttimbers.com\\\/en\\\/#organization\"},\"potentialAction\":[{\"@type\":\"SearchAction\",\"target\":{\"@type\":\"EntryPoint\",\"urlTemplate\":\"https:\\\/\\\/inforesttimbers.com\\\/en\\\/?s={search_term_string}\"},\"query-input\":{\"@type\":\"PropertyValueSpecification\",\"valueRequired\":true,\"valueName\":\"search_term_string\"}}],\"inLanguage\":\"en-US\"},{\"@type\":\"Organization\",\"@id\":\"https:\\\/\\\/inforesttimbers.com\\\/en\\\/#organization\",\"name\":\"In-Forest Maderas\",\"url\":\"https:\\\/\\\/inforesttimbers.com\\\/en\\\/\",\"logo\":{\"@type\":\"ImageObject\",\"inLanguage\":\"en-US\",\"@id\":\"https:\\\/\\\/inforesttimbers.com\\\/en\\\/#\\\/schema\\\/logo\\\/image\\\/\",\"url\":\"https:\\\/\\\/inforesttimbers.com\\\/wp-content\\\/uploads\\\/2024\\\/09\\\/logo_fullsize.png\",\"contentUrl\":\"https:\\\/\\\/inforesttimbers.com\\\/wp-content\\\/uploads\\\/2024\\\/09\\\/logo_fullsize.png\",\"width\":500,\"height\":96,\"caption\":\"In-Forest Maderas\"},\"image\":{\"@id\":\"https:\\\/\\\/inforesttimbers.com\\\/en\\\/#\\\/schema\\\/logo\\\/image\\\/\"},\"sameAs\":[\"https:\\\/\\\/www.facebook.com\\\/inforestmaderas\\\/\",\"https:\\\/\\\/www.instagram.com\\\/maderas_inforest\\\/\"]}]}<\/script>\n<!-- \/ Yoast SEO plugin. -->","yoast_head_json":{"title":"ROLLO MIMBRE IMPORTACI\u00d3N 2X3m - In-Forest Timbers","robots":{"index":"index","follow":"follow","max-snippet":"max-snippet:-1","max-image-preview":"max-image-preview:large","max-video-preview":"max-video-preview:-1"},"canonical":"https:\/\/inforesttimbers.com\/en\/producto\/rollo-mimbre-importacion-2x3m\/","og_locale":"en_US","og_type":"article","og_title":"ROLLO MIMBRE IMPORTACI\u00d3N 2X3m - In-Forest Timbers","og_description":"El mimbre de importaci\u00f3n es una excelente elecci\u00f3n para quienes buscan un material de gran calidad con un aspecto singular para crear zonas de ocultaci\u00f3n, sombra o separaci\u00f3n tanto en interiores como en exteriores. Este mimbre natural ofrece una alternativa perfecta para quienes desean a\u00f1adir un aire ex\u00f3tico y diferente a su decoraci\u00f3n, aportando un estilo elegante y con personalidad a cualquier espacio. \u2714 Est\u00e9tica variada y \u00fanica\u2714 Alta resistencia y durabilidad\u2714 Estructura reforzada\u2714 Privacidad garantizada","og_url":"https:\/\/inforesttimbers.com\/en\/producto\/rollo-mimbre-importacion-2x3m\/","og_site_name":"In-Forest Timbers","article_publisher":"https:\/\/www.facebook.com\/inforestmaderas\/","article_modified_time":"2026-01-07T12:35:43+00:00","og_image":[{"width":1050,"height":377,"url":"https:\/\/inforesttimbers.com\/wp-content\/uploads\/2025\/11\/image-2025-11-26T150113.395.webp","type":"image\/webp"}],"twitter_card":"summary_large_image","twitter_misc":{"Est. reading time":"1 minute"},"schema":{"@context":"https:\/\/schema.org","@graph":[{"@type":"WebPage","@id":"https:\/\/inforesttimbers.com\/en\/producto\/rollo-mimbre-importacion-2x3m\/","url":"https:\/\/inforesttimbers.com\/en\/producto\/rollo-mimbre-importacion-2x3m\/","name":"ROLLO MIMBRE IMPORTACI\u00d3N 2X3m - In-Forest Timbers","isPartOf":{"@id":"https:\/\/inforesttimbers.com\/en\/#website"},"primaryImageOfPage":{"@id":"https:\/\/inforesttimbers.com\/en\/producto\/rollo-mimbre-importacion-2x3m\/#primaryimage"},"image":{"@id":"https:\/\/inforesttimbers.com\/en\/producto\/rollo-mimbre-importacion-2x3m\/#primaryimage"},"thumbnailUrl":"https:\/\/inforesttimbers.com\/wp-content\/uploads\/2025\/11\/image-2025-11-26T150113.395.webp","datePublished":"2025-11-26T14:07:22+00:00","dateModified":"2026-01-07T12:35:43+00:00","breadcrumb":{"@id":"https:\/\/inforesttimbers.com\/en\/producto\/rollo-mimbre-importacion-2x3m\/#breadcrumb"},"inLanguage":"en-US","potentialAction":[{"@type":"ReadAction","target":["https:\/\/inforesttimbers.com\/en\/producto\/rollo-mimbre-importacion-2x3m\/"]}]},{"@type":"ImageObject","inLanguage":"en-US","@id":"https:\/\/inforesttimbers.com\/en\/producto\/rollo-mimbre-importacion-2x3m\/#primaryimage","url":"https:\/\/inforesttimbers.com\/wp-content\/uploads\/2025\/11\/image-2025-11-26T150113.395.webp","contentUrl":"https:\/\/inforesttimbers.com\/wp-content\/uploads\/2025\/11\/image-2025-11-26T150113.395.webp","width":1050,"height":377},{"@type":"BreadcrumbList","@id":"https:\/\/inforesttimbers.com\/en\/producto\/rollo-mimbre-importacion-2x3m\/#breadcrumb","itemListElement":[{"@type":"ListItem","position":1,"name":"Home","item":"https:\/\/inforesttimbers.com\/en\/home\/"},{"@type":"ListItem","position":2,"name":"Products","item":"https:\/\/inforesttimbers.com\/en\/shop\/"},{"@type":"ListItem","position":3,"name":"ROLLO MIMBRE IMPORTACI\u00d3N 2X3m"}]},{"@type":"WebSite","@id":"https:\/\/inforesttimbers.com\/en\/#website","url":"https:\/\/inforesttimbers.com\/en\/","name":"In-Forest Maderas","description":"","publisher":{"@id":"https:\/\/inforesttimbers.com\/en\/#organization"},"potentialAction":[{"@type":"SearchAction","target":{"@type":"EntryPoint","urlTemplate":"https:\/\/inforesttimbers.com\/en\/?s={search_term_string}"},"query-input":{"@type":"PropertyValueSpecification","valueRequired":true,"valueName":"search_term_string"}}],"inLanguage":"en-US"},{"@type":"Organization","@id":"https:\/\/inforesttimbers.com\/en\/#organization","name":"In-Forest Maderas","url":"https:\/\/inforesttimbers.com\/en\/","logo":{"@type":"ImageObject","inLanguage":"en-US","@id":"https:\/\/inforesttimbers.com\/en\/#\/schema\/logo\/image\/","url":"https:\/\/inforesttimbers.com\/wp-content\/uploads\/2024\/09\/logo_fullsize.png","contentUrl":"https:\/\/inforesttimbers.com\/wp-content\/uploads\/2024\/09\/logo_fullsize.png","width":500,"height":96,"caption":"In-Forest Maderas"},"image":{"@id":"https:\/\/inforesttimbers.com\/en\/#\/schema\/logo\/image\/"},"sameAs":["https:\/\/www.facebook.com\/inforestmaderas\/","https:\/\/www.instagram.com\/maderas_inforest\/"]}]}},"_links":{"self":[{"href":"https:\/\/inforesttimbers.com\/en\/wp-json\/wp\/v2\/product\/4007","targetHints":{"allow":["GET"]}}],"collection":[{"href":"https:\/\/inforesttimbers.com\/en\/wp-json\/wp\/v2\/product"}],"about":[{"href":"https:\/\/inforesttimbers.com\/en\/wp-json\/wp\/v2\/types\/product"}],"version-history":[{"count":1,"href":"https:\/\/inforesttimbers.com\/en\/wp-json\/wp\/v2\/product\/4007\/revisions"}],"predecessor-version":[{"id":4013,"href":"https:\/\/inforesttimbers.com\/en\/wp-json\/wp\/v2\/product\/4007\/revisions\/4013"}],"wp:featuredmedia":[{"embeddable":true,"href":"https:\/\/inforesttimbers.com\/en\/wp-json\/wp\/v2\/media\/4009"}],"wp:attachment":[{"href":"https:\/\/inforesttimbers.com\/en\/wp-json\/wp\/v2\/media?parent=4007"}],"wp:term":[{"taxonomy":"product_brand","embeddable":true,"href":"https:\/\/inforesttimbers.com\/en\/wp-json\/wp\/v2\/product_brand?post=4007"},{"taxonomy":"product_cat","embeddable":true,"href":"https:\/\/inforesttimbers.com\/en\/wp-json\/wp\/v2\/product_cat?post=4007"},{"taxonomy":"product_tag","embeddable":true,"href":"https:\/\/inforesttimbers.com\/en\/wp-json\/wp\/v2\/product_tag?post=4007"}],"curies":[{"name":"wp","href":"https:\/\/api.w.org\/{rel}","templated":true}]}}