{"id":5856,"date":"2026-01-20T10:19:09","date_gmt":"2026-01-20T09:19:09","guid":{"rendered":"https:\/\/inforesttimbers.com\/?post_type=product&#038;p=5856"},"modified":"2026-02-05T12:01:59","modified_gmt":"2026-02-05T11:01:59","slug":"caseta-54-8181-m2","status":"publish","type":"product","link":"https:\/\/inforesttimbers.com\/en\/producto\/caseta-54-8181-m2\/","title":{"rendered":"CASETA 54 | 8,1+8,1 m\u00b2"},"content":{"rendered":"<div class=\"flex flex-col text-sm pb-25\">\n<article class=\"text-token-text-primary w-full focus:outline-none [--shadow-height:45px] has-data-writing-block:pointer-events-none has-data-writing-block:-mt-(--shadow-height) has-data-writing-block:pt-(--shadow-height) [&amp;:has([data-writing-block])&gt;*]:pointer-events-auto scroll-mt-[calc(var(--header-height)+min(200px,max(70px,20svh)))]\" dir=\"auto\" data-turn-id=\"request-6960f990-997c-832f-9e8d-5067755a762d-3\" data-testid=\"conversation-turn-48\" data-scroll-anchor=\"true\" data-turn=\"assistant\">\n<div class=\"text-base my-auto mx-auto pb-10 [--thread-content-margin:--spacing(4)] @w-sm\/main:[--thread-content-margin:--spacing(6)] @w-lg\/main:[--thread-content-margin:--spacing(16)] px-(--thread-content-margin)\">\n<div class=\"[--thread-content-max-width:40rem] @w-lg\/main:[--thread-content-max-width:48rem] mx-auto max-w-(--thread-content-max-width) flex-1 group\/turn-messages focus-visible:outline-hidden relative flex w-full min-w-0 flex-col agent-turn\">\n<div class=\"flex max-w-full flex-col grow\">\n<div class=\"min-h-8 text-message relative flex w-full flex-col items-end gap-2 text-start break-words whitespace-normal [.text-message+&amp;]:mt-1\" dir=\"auto\" data-message-author-role=\"assistant\" data-message-id=\"9e53fe43-49df-4353-b93f-b73e66d3e665\" data-message-model-slug=\"gpt-5-2\">\n<div class=\"flex w-full flex-col gap-1 empty:hidden first:pt-[1px]\">\n<div class=\"markdown prose dark:prose-invert w-full break-words dark markdown-new-styling\">\n<p data-start=\"55\" data-end=\"420\" data-is-last-node=\"\" data-is-only-node=\"\"><strong data-start=\"55\" data-end=\"68\">Material:<\/strong> Madera de abeto n\u00f3rdico sin tratar<br data-start=\"103\" data-end=\"106\" data-is-only-node=\"\" \/><strong data-start=\"106\" data-end=\"126\">Grosor de pared:<\/strong> 56 mm<br data-start=\"132\" data-end=\"135\" \/><strong data-start=\"135\" data-end=\"156\">Forma de montaje:<\/strong> Paneles<br data-start=\"164\" data-end=\"167\" \/><strong data-start=\"167\" data-end=\"186\">Tipo de tejado:<\/strong> Techo plano<br data-start=\"198\" data-end=\"201\" \/><strong data-start=\"201\" data-end=\"220\">Longitud total:<\/strong> 603,7 cm<br data-start=\"229\" data-end=\"232\" \/><strong data-start=\"232\" data-end=\"254\">Profundidad total:<\/strong> 406,9 cm<br data-start=\"263\" data-end=\"266\" \/><strong data-start=\"266\" data-end=\"290\">Medidas de cubierta:<\/strong> 604 \u00d7 407 cm<br data-start=\"303\" data-end=\"306\" \/><strong data-start=\"306\" data-end=\"327\">Medidas de suelo:<\/strong> 290 + 292 \u00d7 300 cm<br data-start=\"346\" data-end=\"349\" \/><strong data-start=\"349\" data-end=\"376\">Superficie de cubierta:<\/strong> 23,7 m\u00b2<br data-start=\"384\" data-end=\"387\" \/><strong data-start=\"387\" data-end=\"411\">Superficie de suelo:<\/strong> 8,1 + 8,1 m\u00b2<br data-start=\"424\" data-end=\"427\" \/><strong data-start=\"427\" data-end=\"447\">Superficie \u00fatil:<\/strong> 16,2 m\u00b2<br data-start=\"455\" data-end=\"458\" \/><strong data-start=\"458\" data-end=\"475\">Altura total:<\/strong> 258 cm<br data-start=\"482\" data-end=\"485\" \/><strong data-start=\"485\" data-end=\"505\">Altura de pared:<\/strong> 215 cm<br data-start=\"512\" data-end=\"515\" \/><strong data-start=\"515\" data-end=\"542\">Saliente alero frontal:<\/strong> 81,4 cm<br data-start=\"550\" data-end=\"553\" \/><strong data-start=\"553\" data-end=\"580\">Inclinaci\u00f3n del tejado:<\/strong> 5,0\u00b0<br data-start=\"585\" data-end=\"588\" \/><strong data-start=\"588\" data-end=\"612\">Material de techado:<\/strong> Lamas 19 mm<br data-start=\"624\" data-end=\"627\" \/><strong data-start=\"627\" data-end=\"637\">Suelo:<\/strong> Incluido<br data-start=\"646\" data-end=\"649\" \/><strong data-start=\"649\" data-end=\"667\">Tipo de suelo:<\/strong> Lamas 28 mm<br data-start=\"679\" data-end=\"682\" \/><strong data-start=\"682\" data-end=\"701\">Medidas puerta:<\/strong> 62 \u00d7 188 cm<br data-start=\"713\" data-end=\"716\" \/><strong data-start=\"716\" data-end=\"736\">Medidas ventana:<\/strong> 42 \u00d7 142 cm<br data-start=\"748\" data-end=\"751\" \/><strong data-start=\"751\" data-end=\"768\">Tipo ventana:<\/strong> Cristal aut\u00e9ntico doble 4-18-4 mm<\/p>\n<\/div>\n<\/div>\n<\/div>\n<\/div>\n<div class=\"z-0 flex min-h-[46px] justify-start\"><\/div>\n<\/div>\n<\/div>\n<\/article>\n<\/div>\n","protected":false},"excerpt":{"rendered":"<p>Material: Madera de abeto n\u00f3rdico sin tratarGrosor de pared: 56 mmForma de montaje: PanelesTipo de tejado: Techo planoLongitud total: 603,7 cmProfundidad total: 406,9 cmMedidas de cubierta: 604 \u00d7 407 cmMedidas de suelo: 290 + 292 \u00d7 300 cmSuperficie de cubierta: 23,7 m\u00b2Superficie de suelo: 8,1 + 8,1 m\u00b2Superficie \u00fatil: 16,2 m\u00b2Altura total: 258 cmAltura de pared: 215 cmSaliente alero frontal: 81,4 cmInclinaci\u00f3n del tejado: 5,0\u00b0Material de techado: Lamas 19 mmSuelo: IncluidoTipo de suelo: Lamas 28 mmMedidas puerta: 62 \u00d7 188 cmMedidas ventana: 42 \u00d7 142 cmTipo ventana: Cristal aut\u00e9ntico doble 4-18-4 mm<\/p>\n","protected":false},"featured_media":5912,"template":"","meta":[],"product_brand":[],"product_cat":[24],"product_tag":[],"class_list":{"0":"post-5856","1":"product","2":"type-product","3":"status-publish","4":"has-post-thumbnail","6":"product_cat-casas-madera","8":"first","9":"instock","10":"shipping-taxable","11":"purchasable","12":"product-type-simple"},"yoast_head":"<!-- This site is optimized with the Yoast SEO plugin v27.4 - https:\/\/yoast.com\/product\/yoast-seo-wordpress\/ -->\n<title>CASETA 54 | 8,1+8,1 m\u00b2 - In-Forest Timbers<\/title>\n<meta name=\"robots\" content=\"index, follow, max-snippet:-1, max-image-preview:large, max-video-preview:-1\" \/>\n<link rel=\"canonical\" href=\"https:\/\/inforesttimbers.com\/en\/producto\/caseta-54-8181-m2\/\" \/>\n<meta property=\"og:locale\" content=\"en_US\" \/>\n<meta property=\"og:type\" content=\"article\" \/>\n<meta property=\"og:title\" content=\"CASETA 54 | 8,1+8,1 m\u00b2 - In-Forest Timbers\" \/>\n<meta property=\"og:description\" content=\"Material: Madera de abeto n\u00f3rdico sin tratarGrosor de pared: 56 mmForma de montaje: PanelesTipo de tejado: Techo planoLongitud total: 603,7 cmProfundidad total: 406,9 cmMedidas de cubierta: 604 \u00d7 407 cmMedidas de suelo: 290 + 292 \u00d7 300 cmSuperficie de cubierta: 23,7 m\u00b2Superficie de suelo: 8,1 + 8,1 m\u00b2Superficie \u00fatil: 16,2 m\u00b2Altura total: 258 cmAltura de pared: 215 cmSaliente alero frontal: 81,4 cmInclinaci\u00f3n del tejado: 5,0\u00b0Material de techado: Lamas 19 mmSuelo: IncluidoTipo de suelo: Lamas 28 mmMedidas puerta: 62 \u00d7 188 cmMedidas ventana: 42 \u00d7 142 cmTipo ventana: Cristal aut\u00e9ntico doble 4-18-4 mm\" \/>\n<meta property=\"og:url\" content=\"https:\/\/inforesttimbers.com\/en\/producto\/caseta-54-8181-m2\/\" \/>\n<meta property=\"og:site_name\" content=\"In-Forest Timbers\" \/>\n<meta property=\"article:publisher\" content=\"https:\/\/www.facebook.com\/inforestmaderas\/\" \/>\n<meta property=\"article:modified_time\" content=\"2026-02-05T11:01:59+00:00\" \/>\n<meta property=\"og:image\" content=\"https:\/\/inforesttimbers.com\/wp-content\/uploads\/2026\/01\/1_Palmako_cabin_Grace_8.18.1_m2_NATURAL_wb.jpg\" \/>\n\t<meta property=\"og:image:width\" content=\"2500\" \/>\n\t<meta property=\"og:image:height\" content=\"1875\" \/>\n\t<meta property=\"og:image:type\" content=\"image\/jpeg\" \/>\n<meta name=\"twitter:card\" content=\"summary_large_image\" \/>\n<meta name=\"twitter:label1\" content=\"Est. reading time\" \/>\n\t<meta name=\"twitter:data1\" content=\"1 minute\" \/>\n<script type=\"application\/ld+json\" class=\"yoast-schema-graph\">{\"@context\":\"https:\\\/\\\/schema.org\",\"@graph\":[{\"@type\":\"WebPage\",\"@id\":\"https:\\\/\\\/inforesttimbers.com\\\/en\\\/producto\\\/caseta-54-8181-m2\\\/\",\"url\":\"https:\\\/\\\/inforesttimbers.com\\\/en\\\/producto\\\/caseta-54-8181-m2\\\/\",\"name\":\"CASETA 54 | 8,1+8,1 m\u00b2 - In-Forest Timbers\",\"isPartOf\":{\"@id\":\"https:\\\/\\\/inforesttimbers.com\\\/en\\\/#website\"},\"primaryImageOfPage\":{\"@id\":\"https:\\\/\\\/inforesttimbers.com\\\/en\\\/producto\\\/caseta-54-8181-m2\\\/#primaryimage\"},\"image\":{\"@id\":\"https:\\\/\\\/inforesttimbers.com\\\/en\\\/producto\\\/caseta-54-8181-m2\\\/#primaryimage\"},\"thumbnailUrl\":\"https:\\\/\\\/inforesttimbers.com\\\/wp-content\\\/uploads\\\/2026\\\/01\\\/1_Palmako_cabin_Grace_8.18.1_m2_NATURAL_wb.jpg\",\"datePublished\":\"2026-01-20T09:19:09+00:00\",\"dateModified\":\"2026-02-05T11:01:59+00:00\",\"breadcrumb\":{\"@id\":\"https:\\\/\\\/inforesttimbers.com\\\/en\\\/producto\\\/caseta-54-8181-m2\\\/#breadcrumb\"},\"inLanguage\":\"en-US\",\"potentialAction\":[{\"@type\":\"ReadAction\",\"target\":[\"https:\\\/\\\/inforesttimbers.com\\\/en\\\/producto\\\/caseta-54-8181-m2\\\/\"]}]},{\"@type\":\"ImageObject\",\"inLanguage\":\"en-US\",\"@id\":\"https:\\\/\\\/inforesttimbers.com\\\/en\\\/producto\\\/caseta-54-8181-m2\\\/#primaryimage\",\"url\":\"https:\\\/\\\/inforesttimbers.com\\\/wp-content\\\/uploads\\\/2026\\\/01\\\/1_Palmako_cabin_Grace_8.18.1_m2_NATURAL_wb.jpg\",\"contentUrl\":\"https:\\\/\\\/inforesttimbers.com\\\/wp-content\\\/uploads\\\/2026\\\/01\\\/1_Palmako_cabin_Grace_8.18.1_m2_NATURAL_wb.jpg\",\"width\":2500,\"height\":1875},{\"@type\":\"BreadcrumbList\",\"@id\":\"https:\\\/\\\/inforesttimbers.com\\\/en\\\/producto\\\/caseta-54-8181-m2\\\/#breadcrumb\",\"itemListElement\":[{\"@type\":\"ListItem\",\"position\":1,\"name\":\"Home\",\"item\":\"https:\\\/\\\/inforesttimbers.com\\\/en\\\/home\\\/\"},{\"@type\":\"ListItem\",\"position\":2,\"name\":\"Products\",\"item\":\"https:\\\/\\\/inforesttimbers.com\\\/en\\\/shop\\\/\"},{\"@type\":\"ListItem\",\"position\":3,\"name\":\"CASETA 54 | 8,1+8,1 m\u00b2\"}]},{\"@type\":\"WebSite\",\"@id\":\"https:\\\/\\\/inforesttimbers.com\\\/en\\\/#website\",\"url\":\"https:\\\/\\\/inforesttimbers.com\\\/en\\\/\",\"name\":\"In-Forest Maderas\",\"description\":\"\",\"publisher\":{\"@id\":\"https:\\\/\\\/inforesttimbers.com\\\/en\\\/#organization\"},\"potentialAction\":[{\"@type\":\"SearchAction\",\"target\":{\"@type\":\"EntryPoint\",\"urlTemplate\":\"https:\\\/\\\/inforesttimbers.com\\\/en\\\/?s={search_term_string}\"},\"query-input\":{\"@type\":\"PropertyValueSpecification\",\"valueRequired\":true,\"valueName\":\"search_term_string\"}}],\"inLanguage\":\"en-US\"},{\"@type\":\"Organization\",\"@id\":\"https:\\\/\\\/inforesttimbers.com\\\/en\\\/#organization\",\"name\":\"In-Forest Maderas\",\"url\":\"https:\\\/\\\/inforesttimbers.com\\\/en\\\/\",\"logo\":{\"@type\":\"ImageObject\",\"inLanguage\":\"en-US\",\"@id\":\"https:\\\/\\\/inforesttimbers.com\\\/en\\\/#\\\/schema\\\/logo\\\/image\\\/\",\"url\":\"https:\\\/\\\/inforesttimbers.com\\\/wp-content\\\/uploads\\\/2024\\\/09\\\/logo_fullsize.png\",\"contentUrl\":\"https:\\\/\\\/inforesttimbers.com\\\/wp-content\\\/uploads\\\/2024\\\/09\\\/logo_fullsize.png\",\"width\":500,\"height\":96,\"caption\":\"In-Forest Maderas\"},\"image\":{\"@id\":\"https:\\\/\\\/inforesttimbers.com\\\/en\\\/#\\\/schema\\\/logo\\\/image\\\/\"},\"sameAs\":[\"https:\\\/\\\/www.facebook.com\\\/inforestmaderas\\\/\",\"https:\\\/\\\/www.instagram.com\\\/maderas_inforest\\\/\"]}]}<\/script>\n<!-- \/ Yoast SEO plugin. -->","yoast_head_json":{"title":"CASETA 54 | 8,1+8,1 m\u00b2 - In-Forest Timbers","robots":{"index":"index","follow":"follow","max-snippet":"max-snippet:-1","max-image-preview":"max-image-preview:large","max-video-preview":"max-video-preview:-1"},"canonical":"https:\/\/inforesttimbers.com\/en\/producto\/caseta-54-8181-m2\/","og_locale":"en_US","og_type":"article","og_title":"CASETA 54 | 8,1+8,1 m\u00b2 - In-Forest Timbers","og_description":"Material: Madera de abeto n\u00f3rdico sin tratarGrosor de pared: 56 mmForma de montaje: PanelesTipo de tejado: Techo planoLongitud total: 603,7 cmProfundidad total: 406,9 cmMedidas de cubierta: 604 \u00d7 407 cmMedidas de suelo: 290 + 292 \u00d7 300 cmSuperficie de cubierta: 23,7 m\u00b2Superficie de suelo: 8,1 + 8,1 m\u00b2Superficie \u00fatil: 16,2 m\u00b2Altura total: 258 cmAltura de pared: 215 cmSaliente alero frontal: 81,4 cmInclinaci\u00f3n del tejado: 5,0\u00b0Material de techado: Lamas 19 mmSuelo: IncluidoTipo de suelo: Lamas 28 mmMedidas puerta: 62 \u00d7 188 cmMedidas ventana: 42 \u00d7 142 cmTipo ventana: Cristal aut\u00e9ntico doble 4-18-4 mm","og_url":"https:\/\/inforesttimbers.com\/en\/producto\/caseta-54-8181-m2\/","og_site_name":"In-Forest Timbers","article_publisher":"https:\/\/www.facebook.com\/inforestmaderas\/","article_modified_time":"2026-02-05T11:01:59+00:00","og_image":[{"width":2500,"height":1875,"url":"https:\/\/inforesttimbers.com\/wp-content\/uploads\/2026\/01\/1_Palmako_cabin_Grace_8.18.1_m2_NATURAL_wb.jpg","type":"image\/jpeg"}],"twitter_card":"summary_large_image","twitter_misc":{"Est. reading time":"1 minute"},"schema":{"@context":"https:\/\/schema.org","@graph":[{"@type":"WebPage","@id":"https:\/\/inforesttimbers.com\/en\/producto\/caseta-54-8181-m2\/","url":"https:\/\/inforesttimbers.com\/en\/producto\/caseta-54-8181-m2\/","name":"CASETA 54 | 8,1+8,1 m\u00b2 - In-Forest Timbers","isPartOf":{"@id":"https:\/\/inforesttimbers.com\/en\/#website"},"primaryImageOfPage":{"@id":"https:\/\/inforesttimbers.com\/en\/producto\/caseta-54-8181-m2\/#primaryimage"},"image":{"@id":"https:\/\/inforesttimbers.com\/en\/producto\/caseta-54-8181-m2\/#primaryimage"},"thumbnailUrl":"https:\/\/inforesttimbers.com\/wp-content\/uploads\/2026\/01\/1_Palmako_cabin_Grace_8.18.1_m2_NATURAL_wb.jpg","datePublished":"2026-01-20T09:19:09+00:00","dateModified":"2026-02-05T11:01:59+00:00","breadcrumb":{"@id":"https:\/\/inforesttimbers.com\/en\/producto\/caseta-54-8181-m2\/#breadcrumb"},"inLanguage":"en-US","potentialAction":[{"@type":"ReadAction","target":["https:\/\/inforesttimbers.com\/en\/producto\/caseta-54-8181-m2\/"]}]},{"@type":"ImageObject","inLanguage":"en-US","@id":"https:\/\/inforesttimbers.com\/en\/producto\/caseta-54-8181-m2\/#primaryimage","url":"https:\/\/inforesttimbers.com\/wp-content\/uploads\/2026\/01\/1_Palmako_cabin_Grace_8.18.1_m2_NATURAL_wb.jpg","contentUrl":"https:\/\/inforesttimbers.com\/wp-content\/uploads\/2026\/01\/1_Palmako_cabin_Grace_8.18.1_m2_NATURAL_wb.jpg","width":2500,"height":1875},{"@type":"BreadcrumbList","@id":"https:\/\/inforesttimbers.com\/en\/producto\/caseta-54-8181-m2\/#breadcrumb","itemListElement":[{"@type":"ListItem","position":1,"name":"Home","item":"https:\/\/inforesttimbers.com\/en\/home\/"},{"@type":"ListItem","position":2,"name":"Products","item":"https:\/\/inforesttimbers.com\/en\/shop\/"},{"@type":"ListItem","position":3,"name":"CASETA 54 | 8,1+8,1 m\u00b2"}]},{"@type":"WebSite","@id":"https:\/\/inforesttimbers.com\/en\/#website","url":"https:\/\/inforesttimbers.com\/en\/","name":"In-Forest Maderas","description":"","publisher":{"@id":"https:\/\/inforesttimbers.com\/en\/#organization"},"potentialAction":[{"@type":"SearchAction","target":{"@type":"EntryPoint","urlTemplate":"https:\/\/inforesttimbers.com\/en\/?s={search_term_string}"},"query-input":{"@type":"PropertyValueSpecification","valueRequired":true,"valueName":"search_term_string"}}],"inLanguage":"en-US"},{"@type":"Organization","@id":"https:\/\/inforesttimbers.com\/en\/#organization","name":"In-Forest Maderas","url":"https:\/\/inforesttimbers.com\/en\/","logo":{"@type":"ImageObject","inLanguage":"en-US","@id":"https:\/\/inforesttimbers.com\/en\/#\/schema\/logo\/image\/","url":"https:\/\/inforesttimbers.com\/wp-content\/uploads\/2024\/09\/logo_fullsize.png","contentUrl":"https:\/\/inforesttimbers.com\/wp-content\/uploads\/2024\/09\/logo_fullsize.png","width":500,"height":96,"caption":"In-Forest Maderas"},"image":{"@id":"https:\/\/inforesttimbers.com\/en\/#\/schema\/logo\/image\/"},"sameAs":["https:\/\/www.facebook.com\/inforestmaderas\/","https:\/\/www.instagram.com\/maderas_inforest\/"]}]}},"_links":{"self":[{"href":"https:\/\/inforesttimbers.com\/en\/wp-json\/wp\/v2\/product\/5856","targetHints":{"allow":["GET"]}}],"collection":[{"href":"https:\/\/inforesttimbers.com\/en\/wp-json\/wp\/v2\/product"}],"about":[{"href":"https:\/\/inforesttimbers.com\/en\/wp-json\/wp\/v2\/types\/product"}],"version-history":[{"count":3,"href":"https:\/\/inforesttimbers.com\/en\/wp-json\/wp\/v2\/product\/5856\/revisions"}],"predecessor-version":[{"id":7470,"href":"https:\/\/inforesttimbers.com\/en\/wp-json\/wp\/v2\/product\/5856\/revisions\/7470"}],"wp:featuredmedia":[{"embeddable":true,"href":"https:\/\/inforesttimbers.com\/en\/wp-json\/wp\/v2\/media\/5912"}],"wp:attachment":[{"href":"https:\/\/inforesttimbers.com\/en\/wp-json\/wp\/v2\/media?parent=5856"}],"wp:term":[{"taxonomy":"product_brand","embeddable":true,"href":"https:\/\/inforesttimbers.com\/en\/wp-json\/wp\/v2\/product_brand?post=5856"},{"taxonomy":"product_cat","embeddable":true,"href":"https:\/\/inforesttimbers.com\/en\/wp-json\/wp\/v2\/product_cat?post=5856"},{"taxonomy":"product_tag","embeddable":true,"href":"https:\/\/inforesttimbers.com\/en\/wp-json\/wp\/v2\/product_tag?post=5856"}],"curies":[{"name":"wp","href":"https:\/\/api.w.org\/{rel}","templated":true}]}}