{"id":592,"date":"2024-10-14T12:45:08","date_gmt":"2024-10-14T10:45:08","guid":{"rendered":"https:\/\/nueva.inforestmaderas.com\/?post_type=product&#038;p=592"},"modified":"2026-01-19T17:55:36","modified_gmt":"2026-01-19T16:55:36","slug":"garage-245-19","status":"publish","type":"product","link":"https:\/\/inforesttimbers.com\/en\/producto\/garage-245-19\/","title":{"rendered":"Garaje 245-19m\u00b2"},"content":{"rendered":"<p><strong>Medidas<\/strong>: 380&#215;570 cm<br \/>\n<strong>Volumen<\/strong>: 45,9 m\u00b3<br \/>\n<strong>Tipo de puerta\/ventana<\/strong>: Jard\u00edn+<br \/>\n<strong>Cristal de la puerta\/ventana<\/strong>: Vidrio doble, 3-6-3 mm<br \/>\n<strong>Medidas de apertura de la ventana<\/strong>: 119&#215;89 cm<br \/>\n<strong>Medidas de apertura de la puerta<\/strong>: 73&#215;175 cm<\/p>\n<p><strong>Medidas de apertura de la puerta de madera<\/strong>: 225&#215;194 cm<br \/>\n<strong>N\u00famero de art\u00edculo para puerta de madera<\/strong>: 103555<br \/>\n<strong>Tablas del techo<\/strong>: 19 mm<br \/>\n<strong>\u00c1rea del techo<\/strong>: 25,4 m\u00b2<br \/>\n<strong>Inclinaci\u00f3n del techo<\/strong>: 16,3\u00b0<br \/>\n<strong>\u00c1rea bruta de suelo<\/strong>: 19,8 m\u00b2<\/p>\n<p><strong>19,0 m\u00b2 con puerta seccional<\/strong><br \/>\n<strong>N\u00famero de art\u00edculo<\/strong>: 102355<br \/>\n<strong>Medidas de apertura de la puerta seccional<\/strong>: 221&#215;188 cm<br \/>\n<strong>N\u00famero de art\u00edculo para puerta seccional<\/strong>: 103516<\/p>\n<p><strong>Kit de 19,0 m\u00b2 sin puerta<\/strong><br \/>\n<strong>N\u00famero de art\u00edculo<\/strong>: 101899<\/p>\n<p><strong>Vidrio doble.<\/strong><br \/>\n<strong>Viguer\u00edas fuertes de madera laminada.<\/strong><\/p>\n<p>Kit de motor para puerta seccional de garaje como un extra opcional.<\/p>\n<table>\n<thead>\n<tr>\n<th>Tratamiento<\/th>\n<th>Sin puerta<\/th>\n<th>Con puerta de madera<\/th>\n<th>Con puerta seccional<\/th>\n<\/tr>\n<\/thead>\n<tbody>\n<tr>\n<td><strong>Natural<\/strong><\/td>\n<td>101899<\/td>\n<td>102347<\/td>\n<td>102355<\/td>\n<\/tr>\n<tr>\n<td><strong>Pintura Marr\u00f3n<\/strong><\/td>\n<td>101900<\/td>\n<td>102348<\/td>\n<td>102356<\/td>\n<\/tr>\n<tr>\n<td><strong>Pintura Gris<\/strong><\/td>\n<td>101902<\/td>\n<td>102350<\/td>\n<td>102358<\/td>\n<\/tr>\n<tr>\n<td><strong>Pintura Blanca Clara<\/strong><\/td>\n<td>101901<\/td>\n<td>102349<\/td>\n<td>102357<\/td>\n<\/tr>\n<\/tbody>\n<\/table>\n<p><strong>OPCIONAL<\/strong><br \/>\nTela asf\u00e1ltica (capa base): 6 rollos, material de techo SBS: 6 rollos, tejas: 10 paquetes, clavos para techo, canalones, extensi\u00f3n, techo de toldo, puerta y ventana adicionales, kit de motor para puerta seccional de garaje. Consulta los Productos Opcionales en las p\u00e1ginas 324-345 para m\u00e1s detalles.<\/p>\n","protected":false},"excerpt":{"rendered":"<p>Medidas: 380&#215;570 cm Volumen: 45,9 m\u00b3 Tipo de puerta\/ventana: Jard\u00edn+ Cristal de la puerta\/ventana: Vidrio doble, 3-6-3 mm Medidas de apertura de la ventana: 119&#215;89 cm Medidas de apertura de la puerta: 73&#215;175 cm Medidas de apertura de la puerta de madera: 225&#215;194 cm N\u00famero de art\u00edculo para puerta de madera: 103555 Tablas del techo: 19 mm \u00c1rea del techo: 25,4 m\u00b2 Inclinaci\u00f3n del techo: 16,3\u00b0 \u00c1rea bruta de suelo: 19,8 m\u00b2 19,0 m\u00b2 con puerta seccional N\u00famero de art\u00edculo: 102355 Medidas de apertura de la puerta seccional: 221&#215;188 cm N\u00famero de art\u00edculo para puerta seccional: 103516 Kit de 19,0 m\u00b2 sin puerta N\u00famero de art\u00edculo: 101899 Vidrio doble. Viguer\u00edas fuertes de madera laminada. Kit de motor para puerta seccional de garaje como un extra opcional. Tratamiento Sin puerta Con puerta de madera Con puerta seccional Natural 101899 102347 102355 Pintura Marr\u00f3n 101900 102348 102356 Pintura Gris 101902 102350 102358 Pintura Blanca Clara 101901 102349 102357 OPCIONAL Tela asf\u00e1ltica (capa base): 6 rollos, material de techo SBS: 6 rollos, tejas: 10 paquetes, clavos para techo, canalones, extensi\u00f3n, techo de toldo, puerta y ventana adicionales, kit de motor para puerta seccional de garaje. Consulta los Productos Opcionales en las p\u00e1ginas 324-345 para m\u00e1s detalles.<\/p>\n","protected":false},"featured_media":593,"template":"","meta":[],"product_brand":[],"product_cat":[18],"product_tag":[],"class_list":{"0":"post-592","1":"product","2":"type-product","3":"status-publish","4":"has-post-thumbnail","6":"product_cat-garajes","8":"first","9":"instock","10":"shipping-taxable","11":"purchasable","12":"product-type-simple"},"yoast_head":"<!-- This site is optimized with the Yoast SEO plugin v27.4 - https:\/\/yoast.com\/product\/yoast-seo-wordpress\/ -->\n<title>Garaje 245-19m\u00b2 - In-Forest Timbers<\/title>\n<meta name=\"robots\" content=\"index, follow, max-snippet:-1, max-image-preview:large, max-video-preview:-1\" \/>\n<link rel=\"canonical\" href=\"https:\/\/inforesttimbers.com\/en\/producto\/garage-245-19\/\" \/>\n<meta property=\"og:locale\" content=\"en_US\" \/>\n<meta property=\"og:type\" content=\"article\" \/>\n<meta property=\"og:title\" content=\"Garaje 245-19m\u00b2 - In-Forest Timbers\" \/>\n<meta property=\"og:description\" content=\"Medidas: 380&#215;570 cm Volumen: 45,9 m\u00b3 Tipo de puerta\/ventana: Jard\u00edn+ Cristal de la puerta\/ventana: Vidrio doble, 3-6-3 mm Medidas de apertura de la ventana: 119&#215;89 cm Medidas de apertura de la puerta: 73&#215;175 cm Medidas de apertura de la puerta de madera: 225&#215;194 cm N\u00famero de art\u00edculo para puerta de madera: 103555 Tablas del techo: 19 mm \u00c1rea del techo: 25,4 m\u00b2 Inclinaci\u00f3n del techo: 16,3\u00b0 \u00c1rea bruta de suelo: 19,8 m\u00b2 19,0 m\u00b2 con puerta seccional N\u00famero de art\u00edculo: 102355 Medidas de apertura de la puerta seccional: 221&#215;188 cm N\u00famero de art\u00edculo para puerta seccional: 103516 Kit de 19,0 m\u00b2 sin puerta N\u00famero de art\u00edculo: 101899 Vidrio doble. Viguer\u00edas fuertes de madera laminada. Kit de motor para puerta seccional de garaje como un extra opcional. Tratamiento Sin puerta Con puerta de madera Con puerta seccional Natural 101899 102347 102355 Pintura Marr\u00f3n 101900 102348 102356 Pintura Gris 101902 102350 102358 Pintura Blanca Clara 101901 102349 102357 OPCIONAL Tela asf\u00e1ltica (capa base): 6 rollos, material de techo SBS: 6 rollos, tejas: 10 paquetes, clavos para techo, canalones, extensi\u00f3n, techo de toldo, puerta y ventana adicionales, kit de motor para puerta seccional de garaje. Consulta los Productos Opcionales en las p\u00e1ginas 324-345 para m\u00e1s detalles.\" \/>\n<meta property=\"og:url\" content=\"https:\/\/inforesttimbers.com\/en\/producto\/garage-245-19\/\" \/>\n<meta property=\"og:site_name\" content=\"In-Forest Timbers\" \/>\n<meta property=\"article:publisher\" content=\"https:\/\/www.facebook.com\/inforestmaderas\/\" \/>\n<meta property=\"article:modified_time\" content=\"2026-01-19T16:55:36+00:00\" \/>\n<meta property=\"og:image\" content=\"https:\/\/inforesttimbers.com\/wp-content\/uploads\/2024\/10\/garage_245-19.webp\" \/>\n\t<meta property=\"og:image:width\" content=\"603\" \/>\n\t<meta property=\"og:image:height\" content=\"450\" \/>\n\t<meta property=\"og:image:type\" content=\"image\/webp\" \/>\n<meta name=\"twitter:card\" content=\"summary_large_image\" \/>\n<meta name=\"twitter:label1\" content=\"Est. reading time\" \/>\n\t<meta name=\"twitter:data1\" content=\"1 minute\" \/>\n<script type=\"application\/ld+json\" class=\"yoast-schema-graph\">{\"@context\":\"https:\\\/\\\/schema.org\",\"@graph\":[{\"@type\":\"WebPage\",\"@id\":\"https:\\\/\\\/inforesttimbers.com\\\/en\\\/producto\\\/garage-245-19\\\/\",\"url\":\"https:\\\/\\\/inforesttimbers.com\\\/en\\\/producto\\\/garage-245-19\\\/\",\"name\":\"Garaje 245-19m\u00b2 - In-Forest Timbers\",\"isPartOf\":{\"@id\":\"https:\\\/\\\/inforesttimbers.com\\\/en\\\/#website\"},\"primaryImageOfPage\":{\"@id\":\"https:\\\/\\\/inforesttimbers.com\\\/en\\\/producto\\\/garage-245-19\\\/#primaryimage\"},\"image\":{\"@id\":\"https:\\\/\\\/inforesttimbers.com\\\/en\\\/producto\\\/garage-245-19\\\/#primaryimage\"},\"thumbnailUrl\":\"https:\\\/\\\/inforesttimbers.com\\\/wp-content\\\/uploads\\\/2024\\\/10\\\/garage_245-19.webp\",\"datePublished\":\"2024-10-14T10:45:08+00:00\",\"dateModified\":\"2026-01-19T16:55:36+00:00\",\"breadcrumb\":{\"@id\":\"https:\\\/\\\/inforesttimbers.com\\\/en\\\/producto\\\/garage-245-19\\\/#breadcrumb\"},\"inLanguage\":\"en-US\",\"potentialAction\":[{\"@type\":\"ReadAction\",\"target\":[\"https:\\\/\\\/inforesttimbers.com\\\/en\\\/producto\\\/garage-245-19\\\/\"]}]},{\"@type\":\"ImageObject\",\"inLanguage\":\"en-US\",\"@id\":\"https:\\\/\\\/inforesttimbers.com\\\/en\\\/producto\\\/garage-245-19\\\/#primaryimage\",\"url\":\"https:\\\/\\\/inforesttimbers.com\\\/wp-content\\\/uploads\\\/2024\\\/10\\\/garage_245-19.webp\",\"contentUrl\":\"https:\\\/\\\/inforesttimbers.com\\\/wp-content\\\/uploads\\\/2024\\\/10\\\/garage_245-19.webp\",\"width\":603,\"height\":450,\"caption\":\"portada garaje 245-19\"},{\"@type\":\"BreadcrumbList\",\"@id\":\"https:\\\/\\\/inforesttimbers.com\\\/en\\\/producto\\\/garage-245-19\\\/#breadcrumb\",\"itemListElement\":[{\"@type\":\"ListItem\",\"position\":1,\"name\":\"Home\",\"item\":\"https:\\\/\\\/inforesttimbers.com\\\/en\\\/home\\\/\"},{\"@type\":\"ListItem\",\"position\":2,\"name\":\"Products\",\"item\":\"https:\\\/\\\/inforesttimbers.com\\\/en\\\/shop\\\/\"},{\"@type\":\"ListItem\",\"position\":3,\"name\":\"Garaje 245-19m\u00b2\"}]},{\"@type\":\"WebSite\",\"@id\":\"https:\\\/\\\/inforesttimbers.com\\\/en\\\/#website\",\"url\":\"https:\\\/\\\/inforesttimbers.com\\\/en\\\/\",\"name\":\"In-Forest Maderas\",\"description\":\"\",\"publisher\":{\"@id\":\"https:\\\/\\\/inforesttimbers.com\\\/en\\\/#organization\"},\"potentialAction\":[{\"@type\":\"SearchAction\",\"target\":{\"@type\":\"EntryPoint\",\"urlTemplate\":\"https:\\\/\\\/inforesttimbers.com\\\/en\\\/?s={search_term_string}\"},\"query-input\":{\"@type\":\"PropertyValueSpecification\",\"valueRequired\":true,\"valueName\":\"search_term_string\"}}],\"inLanguage\":\"en-US\"},{\"@type\":\"Organization\",\"@id\":\"https:\\\/\\\/inforesttimbers.com\\\/en\\\/#organization\",\"name\":\"In-Forest Maderas\",\"url\":\"https:\\\/\\\/inforesttimbers.com\\\/en\\\/\",\"logo\":{\"@type\":\"ImageObject\",\"inLanguage\":\"en-US\",\"@id\":\"https:\\\/\\\/inforesttimbers.com\\\/en\\\/#\\\/schema\\\/logo\\\/image\\\/\",\"url\":\"https:\\\/\\\/inforesttimbers.com\\\/wp-content\\\/uploads\\\/2024\\\/09\\\/logo_fullsize.png\",\"contentUrl\":\"https:\\\/\\\/inforesttimbers.com\\\/wp-content\\\/uploads\\\/2024\\\/09\\\/logo_fullsize.png\",\"width\":500,\"height\":96,\"caption\":\"In-Forest Maderas\"},\"image\":{\"@id\":\"https:\\\/\\\/inforesttimbers.com\\\/en\\\/#\\\/schema\\\/logo\\\/image\\\/\"},\"sameAs\":[\"https:\\\/\\\/www.facebook.com\\\/inforestmaderas\\\/\",\"https:\\\/\\\/www.instagram.com\\\/maderas_inforest\\\/\"]}]}<\/script>\n<!-- \/ Yoast SEO plugin. -->","yoast_head_json":{"title":"Garaje 245-19m\u00b2 - In-Forest Timbers","robots":{"index":"index","follow":"follow","max-snippet":"max-snippet:-1","max-image-preview":"max-image-preview:large","max-video-preview":"max-video-preview:-1"},"canonical":"https:\/\/inforesttimbers.com\/en\/producto\/garage-245-19\/","og_locale":"en_US","og_type":"article","og_title":"Garaje 245-19m\u00b2 - In-Forest Timbers","og_description":"Medidas: 380&#215;570 cm Volumen: 45,9 m\u00b3 Tipo de puerta\/ventana: Jard\u00edn+ Cristal de la puerta\/ventana: Vidrio doble, 3-6-3 mm Medidas de apertura de la ventana: 119&#215;89 cm Medidas de apertura de la puerta: 73&#215;175 cm Medidas de apertura de la puerta de madera: 225&#215;194 cm N\u00famero de art\u00edculo para puerta de madera: 103555 Tablas del techo: 19 mm \u00c1rea del techo: 25,4 m\u00b2 Inclinaci\u00f3n del techo: 16,3\u00b0 \u00c1rea bruta de suelo: 19,8 m\u00b2 19,0 m\u00b2 con puerta seccional N\u00famero de art\u00edculo: 102355 Medidas de apertura de la puerta seccional: 221&#215;188 cm N\u00famero de art\u00edculo para puerta seccional: 103516 Kit de 19,0 m\u00b2 sin puerta N\u00famero de art\u00edculo: 101899 Vidrio doble. Viguer\u00edas fuertes de madera laminada. Kit de motor para puerta seccional de garaje como un extra opcional. Tratamiento Sin puerta Con puerta de madera Con puerta seccional Natural 101899 102347 102355 Pintura Marr\u00f3n 101900 102348 102356 Pintura Gris 101902 102350 102358 Pintura Blanca Clara 101901 102349 102357 OPCIONAL Tela asf\u00e1ltica (capa base): 6 rollos, material de techo SBS: 6 rollos, tejas: 10 paquetes, clavos para techo, canalones, extensi\u00f3n, techo de toldo, puerta y ventana adicionales, kit de motor para puerta seccional de garaje. Consulta los Productos Opcionales en las p\u00e1ginas 324-345 para m\u00e1s detalles.","og_url":"https:\/\/inforesttimbers.com\/en\/producto\/garage-245-19\/","og_site_name":"In-Forest Timbers","article_publisher":"https:\/\/www.facebook.com\/inforestmaderas\/","article_modified_time":"2026-01-19T16:55:36+00:00","og_image":[{"width":603,"height":450,"url":"https:\/\/inforesttimbers.com\/wp-content\/uploads\/2024\/10\/garage_245-19.webp","type":"image\/webp"}],"twitter_card":"summary_large_image","twitter_misc":{"Est. reading time":"1 minute"},"schema":{"@context":"https:\/\/schema.org","@graph":[{"@type":"WebPage","@id":"https:\/\/inforesttimbers.com\/en\/producto\/garage-245-19\/","url":"https:\/\/inforesttimbers.com\/en\/producto\/garage-245-19\/","name":"Garaje 245-19m\u00b2 - In-Forest Timbers","isPartOf":{"@id":"https:\/\/inforesttimbers.com\/en\/#website"},"primaryImageOfPage":{"@id":"https:\/\/inforesttimbers.com\/en\/producto\/garage-245-19\/#primaryimage"},"image":{"@id":"https:\/\/inforesttimbers.com\/en\/producto\/garage-245-19\/#primaryimage"},"thumbnailUrl":"https:\/\/inforesttimbers.com\/wp-content\/uploads\/2024\/10\/garage_245-19.webp","datePublished":"2024-10-14T10:45:08+00:00","dateModified":"2026-01-19T16:55:36+00:00","breadcrumb":{"@id":"https:\/\/inforesttimbers.com\/en\/producto\/garage-245-19\/#breadcrumb"},"inLanguage":"en-US","potentialAction":[{"@type":"ReadAction","target":["https:\/\/inforesttimbers.com\/en\/producto\/garage-245-19\/"]}]},{"@type":"ImageObject","inLanguage":"en-US","@id":"https:\/\/inforesttimbers.com\/en\/producto\/garage-245-19\/#primaryimage","url":"https:\/\/inforesttimbers.com\/wp-content\/uploads\/2024\/10\/garage_245-19.webp","contentUrl":"https:\/\/inforesttimbers.com\/wp-content\/uploads\/2024\/10\/garage_245-19.webp","width":603,"height":450,"caption":"portada garaje 245-19"},{"@type":"BreadcrumbList","@id":"https:\/\/inforesttimbers.com\/en\/producto\/garage-245-19\/#breadcrumb","itemListElement":[{"@type":"ListItem","position":1,"name":"Home","item":"https:\/\/inforesttimbers.com\/en\/home\/"},{"@type":"ListItem","position":2,"name":"Products","item":"https:\/\/inforesttimbers.com\/en\/shop\/"},{"@type":"ListItem","position":3,"name":"Garaje 245-19m\u00b2"}]},{"@type":"WebSite","@id":"https:\/\/inforesttimbers.com\/en\/#website","url":"https:\/\/inforesttimbers.com\/en\/","name":"In-Forest Maderas","description":"","publisher":{"@id":"https:\/\/inforesttimbers.com\/en\/#organization"},"potentialAction":[{"@type":"SearchAction","target":{"@type":"EntryPoint","urlTemplate":"https:\/\/inforesttimbers.com\/en\/?s={search_term_string}"},"query-input":{"@type":"PropertyValueSpecification","valueRequired":true,"valueName":"search_term_string"}}],"inLanguage":"en-US"},{"@type":"Organization","@id":"https:\/\/inforesttimbers.com\/en\/#organization","name":"In-Forest Maderas","url":"https:\/\/inforesttimbers.com\/en\/","logo":{"@type":"ImageObject","inLanguage":"en-US","@id":"https:\/\/inforesttimbers.com\/en\/#\/schema\/logo\/image\/","url":"https:\/\/inforesttimbers.com\/wp-content\/uploads\/2024\/09\/logo_fullsize.png","contentUrl":"https:\/\/inforesttimbers.com\/wp-content\/uploads\/2024\/09\/logo_fullsize.png","width":500,"height":96,"caption":"In-Forest Maderas"},"image":{"@id":"https:\/\/inforesttimbers.com\/en\/#\/schema\/logo\/image\/"},"sameAs":["https:\/\/www.facebook.com\/inforestmaderas\/","https:\/\/www.instagram.com\/maderas_inforest\/"]}]}},"_links":{"self":[{"href":"https:\/\/inforesttimbers.com\/en\/wp-json\/wp\/v2\/product\/592","targetHints":{"allow":["GET"]}}],"collection":[{"href":"https:\/\/inforesttimbers.com\/en\/wp-json\/wp\/v2\/product"}],"about":[{"href":"https:\/\/inforesttimbers.com\/en\/wp-json\/wp\/v2\/types\/product"}],"version-history":[{"count":5,"href":"https:\/\/inforesttimbers.com\/en\/wp-json\/wp\/v2\/product\/592\/revisions"}],"predecessor-version":[{"id":5792,"href":"https:\/\/inforesttimbers.com\/en\/wp-json\/wp\/v2\/product\/592\/revisions\/5792"}],"wp:featuredmedia":[{"embeddable":true,"href":"https:\/\/inforesttimbers.com\/en\/wp-json\/wp\/v2\/media\/593"}],"wp:attachment":[{"href":"https:\/\/inforesttimbers.com\/en\/wp-json\/wp\/v2\/media?parent=592"}],"wp:term":[{"taxonomy":"product_brand","embeddable":true,"href":"https:\/\/inforesttimbers.com\/en\/wp-json\/wp\/v2\/product_brand?post=592"},{"taxonomy":"product_cat","embeddable":true,"href":"https:\/\/inforesttimbers.com\/en\/wp-json\/wp\/v2\/product_cat?post=592"},{"taxonomy":"product_tag","embeddable":true,"href":"https:\/\/inforesttimbers.com\/en\/wp-json\/wp\/v2\/product_tag?post=592"}],"curies":[{"name":"wp","href":"https:\/\/api.w.org\/{rel}","templated":true}]}}