{"id":615,"date":"2024-10-15T09:20:54","date_gmt":"2024-10-15T07:20:54","guid":{"rendered":"https:\/\/nueva.inforestmaderas.com\/?post_type=product&#038;p=615"},"modified":"2026-01-15T09:44:41","modified_gmt":"2026-01-15T08:44:41","slug":"carpot-259-117","status":"publish","type":"product","link":"https:\/\/inforesttimbers.com\/en\/producto\/carpot-259-117\/","title":{"rendered":"Carport 259-11,7"},"content":{"rendered":"<p>Medidas: 315&#215;372 cm<br \/>\nVolumen: 30,8 m\u00b3<br \/>\nTablas del techo: 19 mm<\/p>\n<p>Superficie del techo: 20,1 m\u00b2<br \/>\nInclinaci\u00f3n del techo: 25,0\u00b0<br \/>\nSuperficie bruta en el suelo: 11,7 m\u00b2<\/p>\n<p>ESPECIFICACIONES DEL MODELO<br \/>\nMedidas: 555&#215;372 cm<br \/>\nVolumen: 61,5 m\u00b3<br \/>\nTablas del techo: 19 mm<\/p>\n<p>Superficie del techo: 35,8 m\u00b2<br \/>\nInclinaci\u00f3n del techo: 25,0\u00b0<br \/>\nSuperficie bruta en el suelo: 20,6 m\u00b2<\/p>\n<p>OPCIONES DE TRATAMIENTO<br \/>\nPostes y vigas fuertes de madera laminada.<br \/>\nPostes fuertes de madera laminada.<\/p>\n<p>Referencias:<\/p>\n<p>101014: ba\u00f1o en marr\u00f3n<br \/>\n101016: ba\u00f1o en gris<br \/>\n101015: ba\u00f1o en blanco transl\u00facido<br \/>\n108955: imprimaci\u00f3n blanca<\/p>\n<p>101013: original<\/p>\n<p>OPCIONAL<br \/>\nTela asf\u00e1ltica (capa inferior): 5 rollos, Material de cubierta SBS: 5 rollos, tejas: 8 paquetes, clavos para tejado, canalones, anclajes.<br \/>\nConsulte Productos Opcionales en las p\u00e1ginas 324-345 para m\u00e1s detalles.<\/p>\n","protected":false},"excerpt":{"rendered":"<p>Medidas: 315&#215;372 cm Volumen: 30,8 m\u00b3 Tablas del techo: 19 mm Superficie del techo: 20,1 m\u00b2 Inclinaci\u00f3n del techo: 25,0\u00b0 Superficie bruta en el suelo: 11,7 m\u00b2 ESPECIFICACIONES DEL MODELO Medidas: 555&#215;372 cm Volumen: 61,5 m\u00b3 Tablas del techo: 19 mm Superficie del techo: 35,8 m\u00b2 Inclinaci\u00f3n del techo: 25,0\u00b0 Superficie bruta en el suelo: 20,6 m\u00b2 OPCIONES DE TRATAMIENTO Postes y vigas fuertes de madera laminada. Postes fuertes de madera laminada. Referencias: 101014: ba\u00f1o en marr\u00f3n 101016: ba\u00f1o en gris 101015: ba\u00f1o en blanco transl\u00facido 108955: imprimaci\u00f3n blanca 101013: original OPCIONAL Tela asf\u00e1ltica (capa inferior): 5 rollos, Material de cubierta SBS: 5 rollos, tejas: 8 paquetes, clavos para tejado, canalones, anclajes. Consulte Productos Opcionales en las p\u00e1ginas 324-345 para m\u00e1s detalles.<\/p>\n","protected":false},"featured_media":617,"template":"","meta":[],"product_brand":[],"product_cat":[39,40],"product_tag":[],"class_list":{"0":"post-615","1":"product","2":"type-product","3":"status-publish","4":"has-post-thumbnail","6":"product_cat-carports","7":"product_cat-pergolas","9":"first","10":"instock","11":"shipping-taxable","12":"purchasable","13":"product-type-simple"},"yoast_head":"<!-- This site is optimized with the Yoast SEO plugin v27.5 - https:\/\/yoast.com\/product\/yoast-seo-wordpress\/ -->\n<title>Carport 259-11,7 - In-Forest Timbers<\/title>\n<meta name=\"robots\" content=\"index, follow, max-snippet:-1, max-image-preview:large, max-video-preview:-1\" \/>\n<link rel=\"canonical\" href=\"https:\/\/inforesttimbers.com\/en\/producto\/carpot-259-117\/\" \/>\n<meta property=\"og:locale\" content=\"en_US\" \/>\n<meta property=\"og:type\" content=\"article\" \/>\n<meta property=\"og:title\" content=\"Carport 259-11,7 - In-Forest Timbers\" \/>\n<meta property=\"og:description\" content=\"Medidas: 315&#215;372 cm Volumen: 30,8 m\u00b3 Tablas del techo: 19 mm Superficie del techo: 20,1 m\u00b2 Inclinaci\u00f3n del techo: 25,0\u00b0 Superficie bruta en el suelo: 11,7 m\u00b2 ESPECIFICACIONES DEL MODELO Medidas: 555&#215;372 cm Volumen: 61,5 m\u00b3 Tablas del techo: 19 mm Superficie del techo: 35,8 m\u00b2 Inclinaci\u00f3n del techo: 25,0\u00b0 Superficie bruta en el suelo: 20,6 m\u00b2 OPCIONES DE TRATAMIENTO Postes y vigas fuertes de madera laminada. Postes fuertes de madera laminada. Referencias: 101014: ba\u00f1o en marr\u00f3n 101016: ba\u00f1o en gris 101015: ba\u00f1o en blanco transl\u00facido 108955: imprimaci\u00f3n blanca 101013: original OPCIONAL Tela asf\u00e1ltica (capa inferior): 5 rollos, Material de cubierta SBS: 5 rollos, tejas: 8 paquetes, clavos para tejado, canalones, anclajes. Consulte Productos Opcionales en las p\u00e1ginas 324-345 para m\u00e1s detalles.\" \/>\n<meta property=\"og:url\" content=\"https:\/\/inforesttimbers.com\/en\/producto\/carpot-259-117\/\" \/>\n<meta property=\"og:site_name\" content=\"In-Forest Timbers\" \/>\n<meta property=\"article:publisher\" content=\"https:\/\/www.facebook.com\/inforestmaderas\/\" \/>\n<meta property=\"article:modified_time\" content=\"2026-01-15T08:44:41+00:00\" \/>\n<meta property=\"og:image\" content=\"https:\/\/inforesttimbers.com\/wp-content\/uploads\/2024\/10\/carpot_259-117.webp\" \/>\n\t<meta property=\"og:image:width\" content=\"1080\" \/>\n\t<meta property=\"og:image:height\" content=\"1080\" \/>\n\t<meta property=\"og:image:type\" content=\"image\/webp\" \/>\n<meta name=\"twitter:card\" content=\"summary_large_image\" \/>\n<meta name=\"twitter:label1\" content=\"Est. reading time\" \/>\n\t<meta name=\"twitter:data1\" content=\"1 minute\" \/>\n<script type=\"application\/ld+json\" class=\"yoast-schema-graph\">{\"@context\":\"https:\\\/\\\/schema.org\",\"@graph\":[{\"@type\":\"WebPage\",\"@id\":\"https:\\\/\\\/inforesttimbers.com\\\/en\\\/producto\\\/carpot-259-117\\\/\",\"url\":\"https:\\\/\\\/inforesttimbers.com\\\/en\\\/producto\\\/carpot-259-117\\\/\",\"name\":\"Carport 259-11,7 - In-Forest Timbers\",\"isPartOf\":{\"@id\":\"https:\\\/\\\/inforesttimbers.com\\\/en\\\/#website\"},\"primaryImageOfPage\":{\"@id\":\"https:\\\/\\\/inforesttimbers.com\\\/en\\\/producto\\\/carpot-259-117\\\/#primaryimage\"},\"image\":{\"@id\":\"https:\\\/\\\/inforesttimbers.com\\\/en\\\/producto\\\/carpot-259-117\\\/#primaryimage\"},\"thumbnailUrl\":\"https:\\\/\\\/inforesttimbers.com\\\/wp-content\\\/uploads\\\/2024\\\/10\\\/carpot_259-117.webp\",\"datePublished\":\"2024-10-15T07:20:54+00:00\",\"dateModified\":\"2026-01-15T08:44:41+00:00\",\"breadcrumb\":{\"@id\":\"https:\\\/\\\/inforesttimbers.com\\\/en\\\/producto\\\/carpot-259-117\\\/#breadcrumb\"},\"inLanguage\":\"en-US\",\"potentialAction\":[{\"@type\":\"ReadAction\",\"target\":[\"https:\\\/\\\/inforesttimbers.com\\\/en\\\/producto\\\/carpot-259-117\\\/\"]}]},{\"@type\":\"ImageObject\",\"inLanguage\":\"en-US\",\"@id\":\"https:\\\/\\\/inforesttimbers.com\\\/en\\\/producto\\\/carpot-259-117\\\/#primaryimage\",\"url\":\"https:\\\/\\\/inforesttimbers.com\\\/wp-content\\\/uploads\\\/2024\\\/10\\\/carpot_259-117.webp\",\"contentUrl\":\"https:\\\/\\\/inforesttimbers.com\\\/wp-content\\\/uploads\\\/2024\\\/10\\\/carpot_259-117.webp\",\"width\":1080,\"height\":1080,\"caption\":\"Portada del carpot 259-11,7\"},{\"@type\":\"BreadcrumbList\",\"@id\":\"https:\\\/\\\/inforesttimbers.com\\\/en\\\/producto\\\/carpot-259-117\\\/#breadcrumb\",\"itemListElement\":[{\"@type\":\"ListItem\",\"position\":1,\"name\":\"Home\",\"item\":\"https:\\\/\\\/inforesttimbers.com\\\/en\\\/home\\\/\"},{\"@type\":\"ListItem\",\"position\":2,\"name\":\"Products\",\"item\":\"https:\\\/\\\/inforesttimbers.com\\\/en\\\/shop\\\/\"},{\"@type\":\"ListItem\",\"position\":3,\"name\":\"Carport 259-11,7\"}]},{\"@type\":\"WebSite\",\"@id\":\"https:\\\/\\\/inforesttimbers.com\\\/en\\\/#website\",\"url\":\"https:\\\/\\\/inforesttimbers.com\\\/en\\\/\",\"name\":\"In-Forest Maderas\",\"description\":\"\",\"publisher\":{\"@id\":\"https:\\\/\\\/inforesttimbers.com\\\/en\\\/#organization\"},\"potentialAction\":[{\"@type\":\"SearchAction\",\"target\":{\"@type\":\"EntryPoint\",\"urlTemplate\":\"https:\\\/\\\/inforesttimbers.com\\\/en\\\/?s={search_term_string}\"},\"query-input\":{\"@type\":\"PropertyValueSpecification\",\"valueRequired\":true,\"valueName\":\"search_term_string\"}}],\"inLanguage\":\"en-US\"},{\"@type\":\"Organization\",\"@id\":\"https:\\\/\\\/inforesttimbers.com\\\/en\\\/#organization\",\"name\":\"In-Forest Maderas\",\"url\":\"https:\\\/\\\/inforesttimbers.com\\\/en\\\/\",\"logo\":{\"@type\":\"ImageObject\",\"inLanguage\":\"en-US\",\"@id\":\"https:\\\/\\\/inforesttimbers.com\\\/en\\\/#\\\/schema\\\/logo\\\/image\\\/\",\"url\":\"https:\\\/\\\/inforesttimbers.com\\\/wp-content\\\/uploads\\\/2024\\\/09\\\/logo_fullsize.png\",\"contentUrl\":\"https:\\\/\\\/inforesttimbers.com\\\/wp-content\\\/uploads\\\/2024\\\/09\\\/logo_fullsize.png\",\"width\":500,\"height\":96,\"caption\":\"In-Forest Maderas\"},\"image\":{\"@id\":\"https:\\\/\\\/inforesttimbers.com\\\/en\\\/#\\\/schema\\\/logo\\\/image\\\/\"},\"sameAs\":[\"https:\\\/\\\/www.facebook.com\\\/inforestmaderas\\\/\",\"https:\\\/\\\/www.instagram.com\\\/maderas_inforest\\\/\"]}]}<\/script>\n<!-- \/ Yoast SEO plugin. -->","yoast_head_json":{"title":"Carport 259-11,7 - In-Forest Timbers","robots":{"index":"index","follow":"follow","max-snippet":"max-snippet:-1","max-image-preview":"max-image-preview:large","max-video-preview":"max-video-preview:-1"},"canonical":"https:\/\/inforesttimbers.com\/en\/producto\/carpot-259-117\/","og_locale":"en_US","og_type":"article","og_title":"Carport 259-11,7 - In-Forest Timbers","og_description":"Medidas: 315&#215;372 cm Volumen: 30,8 m\u00b3 Tablas del techo: 19 mm Superficie del techo: 20,1 m\u00b2 Inclinaci\u00f3n del techo: 25,0\u00b0 Superficie bruta en el suelo: 11,7 m\u00b2 ESPECIFICACIONES DEL MODELO Medidas: 555&#215;372 cm Volumen: 61,5 m\u00b3 Tablas del techo: 19 mm Superficie del techo: 35,8 m\u00b2 Inclinaci\u00f3n del techo: 25,0\u00b0 Superficie bruta en el suelo: 20,6 m\u00b2 OPCIONES DE TRATAMIENTO Postes y vigas fuertes de madera laminada. Postes fuertes de madera laminada. Referencias: 101014: ba\u00f1o en marr\u00f3n 101016: ba\u00f1o en gris 101015: ba\u00f1o en blanco transl\u00facido 108955: imprimaci\u00f3n blanca 101013: original OPCIONAL Tela asf\u00e1ltica (capa inferior): 5 rollos, Material de cubierta SBS: 5 rollos, tejas: 8 paquetes, clavos para tejado, canalones, anclajes. Consulte Productos Opcionales en las p\u00e1ginas 324-345 para m\u00e1s detalles.","og_url":"https:\/\/inforesttimbers.com\/en\/producto\/carpot-259-117\/","og_site_name":"In-Forest Timbers","article_publisher":"https:\/\/www.facebook.com\/inforestmaderas\/","article_modified_time":"2026-01-15T08:44:41+00:00","og_image":[{"width":1080,"height":1080,"url":"https:\/\/inforesttimbers.com\/wp-content\/uploads\/2024\/10\/carpot_259-117.webp","type":"image\/webp"}],"twitter_card":"summary_large_image","twitter_misc":{"Est. reading time":"1 minute"},"schema":{"@context":"https:\/\/schema.org","@graph":[{"@type":"WebPage","@id":"https:\/\/inforesttimbers.com\/en\/producto\/carpot-259-117\/","url":"https:\/\/inforesttimbers.com\/en\/producto\/carpot-259-117\/","name":"Carport 259-11,7 - In-Forest Timbers","isPartOf":{"@id":"https:\/\/inforesttimbers.com\/en\/#website"},"primaryImageOfPage":{"@id":"https:\/\/inforesttimbers.com\/en\/producto\/carpot-259-117\/#primaryimage"},"image":{"@id":"https:\/\/inforesttimbers.com\/en\/producto\/carpot-259-117\/#primaryimage"},"thumbnailUrl":"https:\/\/inforesttimbers.com\/wp-content\/uploads\/2024\/10\/carpot_259-117.webp","datePublished":"2024-10-15T07:20:54+00:00","dateModified":"2026-01-15T08:44:41+00:00","breadcrumb":{"@id":"https:\/\/inforesttimbers.com\/en\/producto\/carpot-259-117\/#breadcrumb"},"inLanguage":"en-US","potentialAction":[{"@type":"ReadAction","target":["https:\/\/inforesttimbers.com\/en\/producto\/carpot-259-117\/"]}]},{"@type":"ImageObject","inLanguage":"en-US","@id":"https:\/\/inforesttimbers.com\/en\/producto\/carpot-259-117\/#primaryimage","url":"https:\/\/inforesttimbers.com\/wp-content\/uploads\/2024\/10\/carpot_259-117.webp","contentUrl":"https:\/\/inforesttimbers.com\/wp-content\/uploads\/2024\/10\/carpot_259-117.webp","width":1080,"height":1080,"caption":"Portada del carpot 259-11,7"},{"@type":"BreadcrumbList","@id":"https:\/\/inforesttimbers.com\/en\/producto\/carpot-259-117\/#breadcrumb","itemListElement":[{"@type":"ListItem","position":1,"name":"Home","item":"https:\/\/inforesttimbers.com\/en\/home\/"},{"@type":"ListItem","position":2,"name":"Products","item":"https:\/\/inforesttimbers.com\/en\/shop\/"},{"@type":"ListItem","position":3,"name":"Carport 259-11,7"}]},{"@type":"WebSite","@id":"https:\/\/inforesttimbers.com\/en\/#website","url":"https:\/\/inforesttimbers.com\/en\/","name":"In-Forest Maderas","description":"","publisher":{"@id":"https:\/\/inforesttimbers.com\/en\/#organization"},"potentialAction":[{"@type":"SearchAction","target":{"@type":"EntryPoint","urlTemplate":"https:\/\/inforesttimbers.com\/en\/?s={search_term_string}"},"query-input":{"@type":"PropertyValueSpecification","valueRequired":true,"valueName":"search_term_string"}}],"inLanguage":"en-US"},{"@type":"Organization","@id":"https:\/\/inforesttimbers.com\/en\/#organization","name":"In-Forest Maderas","url":"https:\/\/inforesttimbers.com\/en\/","logo":{"@type":"ImageObject","inLanguage":"en-US","@id":"https:\/\/inforesttimbers.com\/en\/#\/schema\/logo\/image\/","url":"https:\/\/inforesttimbers.com\/wp-content\/uploads\/2024\/09\/logo_fullsize.png","contentUrl":"https:\/\/inforesttimbers.com\/wp-content\/uploads\/2024\/09\/logo_fullsize.png","width":500,"height":96,"caption":"In-Forest Maderas"},"image":{"@id":"https:\/\/inforesttimbers.com\/en\/#\/schema\/logo\/image\/"},"sameAs":["https:\/\/www.facebook.com\/inforestmaderas\/","https:\/\/www.instagram.com\/maderas_inforest\/"]}]}},"_links":{"self":[{"href":"https:\/\/inforesttimbers.com\/en\/wp-json\/wp\/v2\/product\/615","targetHints":{"allow":["GET"]}}],"collection":[{"href":"https:\/\/inforesttimbers.com\/en\/wp-json\/wp\/v2\/product"}],"about":[{"href":"https:\/\/inforesttimbers.com\/en\/wp-json\/wp\/v2\/types\/product"}],"version-history":[{"count":2,"href":"https:\/\/inforesttimbers.com\/en\/wp-json\/wp\/v2\/product\/615\/revisions"}],"predecessor-version":[{"id":1836,"href":"https:\/\/inforesttimbers.com\/en\/wp-json\/wp\/v2\/product\/615\/revisions\/1836"}],"wp:featuredmedia":[{"embeddable":true,"href":"https:\/\/inforesttimbers.com\/en\/wp-json\/wp\/v2\/media\/617"}],"wp:attachment":[{"href":"https:\/\/inforesttimbers.com\/en\/wp-json\/wp\/v2\/media?parent=615"}],"wp:term":[{"taxonomy":"product_brand","embeddable":true,"href":"https:\/\/inforesttimbers.com\/en\/wp-json\/wp\/v2\/product_brand?post=615"},{"taxonomy":"product_cat","embeddable":true,"href":"https:\/\/inforesttimbers.com\/en\/wp-json\/wp\/v2\/product_cat?post=615"},{"taxonomy":"product_tag","embeddable":true,"href":"https:\/\/inforesttimbers.com\/en\/wp-json\/wp\/v2\/product_tag?post=615"}],"curies":[{"name":"wp","href":"https:\/\/api.w.org\/{rel}","templated":true}]}}