{"id":620,"date":"2024-10-15T09:34:30","date_gmt":"2024-10-15T07:34:30","guid":{"rendered":"https:\/\/nueva.inforestmaderas.com\/?post_type=product&#038;p=620"},"modified":"2026-01-15T09:44:26","modified_gmt":"2026-01-15T08:44:26","slug":"carpot-259-206","status":"publish","type":"product","link":"https:\/\/inforesttimbers.com\/en\/producto\/carpot-259-206\/","title":{"rendered":"Carport 259-20,6"},"content":{"rendered":"<p>Medidas: 555&#215;372 cm<br \/>\nVolumen: 61,5 m\u00b3<br \/>\nTablas del techo: 19 mm<\/p>\n<p>Superficie del techo: 35,8 m\u00b2<br \/>\nInclinaci\u00f3n del techo: 25,0\u00b0<br \/>\nSuperficie bruta en el suelo: 20,6 m\u00b2<\/p>\n<p>OPCIONAL<br \/>\nTela asf\u00e1ltica (capa inferior): 5 rollos, Material de cubierta SBS: 5 rollos, tejas: 8 paquetes, clavos para tejado, canalones, anclajes.<br \/>\nConsulte Productos Opcionales en las p\u00e1ginas 324-345 para m\u00e1s detalles.<\/p>\n<p>Postes y vigas fuertes de madera laminada.<\/p>\n<p>OPCIONES DE TRATAMIENTO:<\/p>\n<p>Referencias:<\/p>\n<div class=\"group\/conversation-turn relative flex w-full min-w-0 flex-col agent-turn\">\n<div class=\"flex-col gap-1 md:gap-3\">\n<div class=\"flex max-w-full flex-col flex-grow\">\n<div class=\"min-h-8 text-message flex w-full flex-col items-end gap-2 whitespace-normal break-words [.text-message+&amp;]:mt-5\" dir=\"auto\" data-message-author-role=\"assistant\" data-message-id=\"fd04e1ae-48bb-4626-849a-75846edd85b5\" data-message-model-slug=\"gpt-4o\">\n<div class=\"flex w-full flex-col gap-1 empty:hidden first:pt-[3px]\">\n<div class=\"markdown prose w-full break-words dark:prose-invert light\">\n<p>101030: ba\u00f1o en marr\u00f3n<br \/>\n101032: ba\u00f1o en gris<br \/>\n101031: ba\u00f1o en blanco transl\u00facido<\/p>\n<p>108956: imprimaci\u00f3n blanca<\/p>\n<p>101029: original<\/p>\n<\/div>\n<\/div>\n<\/div>\n<\/div>\n<\/div>\n<\/div>\n<p>OPCIONAL<br \/>\nTela asf\u00e1ltica (capa inferior): 9 rollos, Material de cubierta SBS: 9 rollos, tejas: 14 paquetes, clavos para tejado, canalones, anclajes.<br \/>\nConsulte Productos Opcionales en las p\u00e1ginas 324-345 para m\u00e1s detalles.<\/p>\n","protected":false},"excerpt":{"rendered":"<p>Medidas: 555&#215;372 cm Volumen: 61,5 m\u00b3 Tablas del techo: 19 mm Superficie del techo: 35,8 m\u00b2 Inclinaci\u00f3n del techo: 25,0\u00b0 Superficie bruta en el suelo: 20,6 m\u00b2 OPCIONAL Tela asf\u00e1ltica (capa inferior): 5 rollos, Material de cubierta SBS: 5 rollos, tejas: 8 paquetes, clavos para tejado, canalones, anclajes. Consulte Productos Opcionales en las p\u00e1ginas 324-345 para m\u00e1s detalles. Postes y vigas fuertes de madera laminada. OPCIONES DE TRATAMIENTO: Referencias: 101030: ba\u00f1o en marr\u00f3n 101032: ba\u00f1o en gris 101031: ba\u00f1o en blanco transl\u00facido 108956: imprimaci\u00f3n blanca 101029: original OPCIONAL Tela asf\u00e1ltica (capa inferior): 9 rollos, Material de cubierta SBS: 9 rollos, tejas: 14 paquetes, clavos para tejado, canalones, anclajes. Consulte Productos Opcionales en las p\u00e1ginas 324-345 para m\u00e1s detalles.<\/p>\n","protected":false},"featured_media":621,"template":"","meta":[],"product_brand":[],"product_cat":[39,40],"product_tag":[],"class_list":{"0":"post-620","1":"product","2":"type-product","3":"status-publish","4":"has-post-thumbnail","6":"product_cat-carports","7":"product_cat-pergolas","9":"first","10":"instock","11":"shipping-taxable","12":"purchasable","13":"product-type-simple"},"yoast_head":"<!-- This site is optimized with the Yoast SEO plugin v27.5 - https:\/\/yoast.com\/product\/yoast-seo-wordpress\/ -->\n<title>Carport 259-20,6 - In-Forest Timbers<\/title>\n<meta name=\"robots\" content=\"index, follow, max-snippet:-1, max-image-preview:large, max-video-preview:-1\" \/>\n<link rel=\"canonical\" href=\"https:\/\/inforesttimbers.com\/en\/producto\/carpot-259-206\/\" \/>\n<meta property=\"og:locale\" content=\"en_US\" \/>\n<meta property=\"og:type\" content=\"article\" \/>\n<meta property=\"og:title\" content=\"Carport 259-20,6 - In-Forest Timbers\" \/>\n<meta property=\"og:description\" content=\"Medidas: 555&#215;372 cm Volumen: 61,5 m\u00b3 Tablas del techo: 19 mm Superficie del techo: 35,8 m\u00b2 Inclinaci\u00f3n del techo: 25,0\u00b0 Superficie bruta en el suelo: 20,6 m\u00b2 OPCIONAL Tela asf\u00e1ltica (capa inferior): 5 rollos, Material de cubierta SBS: 5 rollos, tejas: 8 paquetes, clavos para tejado, canalones, anclajes. Consulte Productos Opcionales en las p\u00e1ginas 324-345 para m\u00e1s detalles. Postes y vigas fuertes de madera laminada. OPCIONES DE TRATAMIENTO: Referencias: 101030: ba\u00f1o en marr\u00f3n 101032: ba\u00f1o en gris 101031: ba\u00f1o en blanco transl\u00facido 108956: imprimaci\u00f3n blanca 101029: original OPCIONAL Tela asf\u00e1ltica (capa inferior): 9 rollos, Material de cubierta SBS: 9 rollos, tejas: 14 paquetes, clavos para tejado, canalones, anclajes. Consulte Productos Opcionales en las p\u00e1ginas 324-345 para m\u00e1s detalles.\" \/>\n<meta property=\"og:url\" content=\"https:\/\/inforesttimbers.com\/en\/producto\/carpot-259-206\/\" \/>\n<meta property=\"og:site_name\" content=\"In-Forest Timbers\" \/>\n<meta property=\"article:publisher\" content=\"https:\/\/www.facebook.com\/inforestmaderas\/\" \/>\n<meta property=\"article:modified_time\" content=\"2026-01-15T08:44:26+00:00\" \/>\n<meta property=\"og:image\" content=\"https:\/\/inforesttimbers.com\/wp-content\/uploads\/2024\/10\/carpot_259-206.png\" \/>\n\t<meta property=\"og:image:width\" content=\"533\" \/>\n\t<meta property=\"og:image:height\" content=\"419\" \/>\n\t<meta property=\"og:image:type\" content=\"image\/png\" \/>\n<meta name=\"twitter:card\" content=\"summary_large_image\" \/>\n<meta name=\"twitter:label1\" content=\"Est. reading time\" \/>\n\t<meta name=\"twitter:data1\" content=\"1 minute\" \/>\n<script type=\"application\/ld+json\" class=\"yoast-schema-graph\">{\"@context\":\"https:\\\/\\\/schema.org\",\"@graph\":[{\"@type\":\"WebPage\",\"@id\":\"https:\\\/\\\/inforesttimbers.com\\\/en\\\/producto\\\/carpot-259-206\\\/\",\"url\":\"https:\\\/\\\/inforesttimbers.com\\\/en\\\/producto\\\/carpot-259-206\\\/\",\"name\":\"Carport 259-20,6 - In-Forest Timbers\",\"isPartOf\":{\"@id\":\"https:\\\/\\\/inforesttimbers.com\\\/en\\\/#website\"},\"primaryImageOfPage\":{\"@id\":\"https:\\\/\\\/inforesttimbers.com\\\/en\\\/producto\\\/carpot-259-206\\\/#primaryimage\"},\"image\":{\"@id\":\"https:\\\/\\\/inforesttimbers.com\\\/en\\\/producto\\\/carpot-259-206\\\/#primaryimage\"},\"thumbnailUrl\":\"https:\\\/\\\/inforesttimbers.com\\\/wp-content\\\/uploads\\\/2024\\\/10\\\/carpot_259-206.png\",\"datePublished\":\"2024-10-15T07:34:30+00:00\",\"dateModified\":\"2026-01-15T08:44:26+00:00\",\"breadcrumb\":{\"@id\":\"https:\\\/\\\/inforesttimbers.com\\\/en\\\/producto\\\/carpot-259-206\\\/#breadcrumb\"},\"inLanguage\":\"en-US\",\"potentialAction\":[{\"@type\":\"ReadAction\",\"target\":[\"https:\\\/\\\/inforesttimbers.com\\\/en\\\/producto\\\/carpot-259-206\\\/\"]}]},{\"@type\":\"ImageObject\",\"inLanguage\":\"en-US\",\"@id\":\"https:\\\/\\\/inforesttimbers.com\\\/en\\\/producto\\\/carpot-259-206\\\/#primaryimage\",\"url\":\"https:\\\/\\\/inforesttimbers.com\\\/wp-content\\\/uploads\\\/2024\\\/10\\\/carpot_259-206.png\",\"contentUrl\":\"https:\\\/\\\/inforesttimbers.com\\\/wp-content\\\/uploads\\\/2024\\\/10\\\/carpot_259-206.png\",\"width\":533,\"height\":419,\"caption\":\"portada del carpot 259-20,6\"},{\"@type\":\"BreadcrumbList\",\"@id\":\"https:\\\/\\\/inforesttimbers.com\\\/en\\\/producto\\\/carpot-259-206\\\/#breadcrumb\",\"itemListElement\":[{\"@type\":\"ListItem\",\"position\":1,\"name\":\"Home\",\"item\":\"https:\\\/\\\/inforesttimbers.com\\\/en\\\/home\\\/\"},{\"@type\":\"ListItem\",\"position\":2,\"name\":\"Products\",\"item\":\"https:\\\/\\\/inforesttimbers.com\\\/en\\\/shop\\\/\"},{\"@type\":\"ListItem\",\"position\":3,\"name\":\"Carport 259-20,6\"}]},{\"@type\":\"WebSite\",\"@id\":\"https:\\\/\\\/inforesttimbers.com\\\/en\\\/#website\",\"url\":\"https:\\\/\\\/inforesttimbers.com\\\/en\\\/\",\"name\":\"In-Forest Maderas\",\"description\":\"\",\"publisher\":{\"@id\":\"https:\\\/\\\/inforesttimbers.com\\\/en\\\/#organization\"},\"potentialAction\":[{\"@type\":\"SearchAction\",\"target\":{\"@type\":\"EntryPoint\",\"urlTemplate\":\"https:\\\/\\\/inforesttimbers.com\\\/en\\\/?s={search_term_string}\"},\"query-input\":{\"@type\":\"PropertyValueSpecification\",\"valueRequired\":true,\"valueName\":\"search_term_string\"}}],\"inLanguage\":\"en-US\"},{\"@type\":\"Organization\",\"@id\":\"https:\\\/\\\/inforesttimbers.com\\\/en\\\/#organization\",\"name\":\"In-Forest Maderas\",\"url\":\"https:\\\/\\\/inforesttimbers.com\\\/en\\\/\",\"logo\":{\"@type\":\"ImageObject\",\"inLanguage\":\"en-US\",\"@id\":\"https:\\\/\\\/inforesttimbers.com\\\/en\\\/#\\\/schema\\\/logo\\\/image\\\/\",\"url\":\"https:\\\/\\\/inforesttimbers.com\\\/wp-content\\\/uploads\\\/2024\\\/09\\\/logo_fullsize.png\",\"contentUrl\":\"https:\\\/\\\/inforesttimbers.com\\\/wp-content\\\/uploads\\\/2024\\\/09\\\/logo_fullsize.png\",\"width\":500,\"height\":96,\"caption\":\"In-Forest Maderas\"},\"image\":{\"@id\":\"https:\\\/\\\/inforesttimbers.com\\\/en\\\/#\\\/schema\\\/logo\\\/image\\\/\"},\"sameAs\":[\"https:\\\/\\\/www.facebook.com\\\/inforestmaderas\\\/\",\"https:\\\/\\\/www.instagram.com\\\/maderas_inforest\\\/\"]}]}<\/script>\n<!-- \/ Yoast SEO plugin. -->","yoast_head_json":{"title":"Carport 259-20,6 - In-Forest Timbers","robots":{"index":"index","follow":"follow","max-snippet":"max-snippet:-1","max-image-preview":"max-image-preview:large","max-video-preview":"max-video-preview:-1"},"canonical":"https:\/\/inforesttimbers.com\/en\/producto\/carpot-259-206\/","og_locale":"en_US","og_type":"article","og_title":"Carport 259-20,6 - In-Forest Timbers","og_description":"Medidas: 555&#215;372 cm Volumen: 61,5 m\u00b3 Tablas del techo: 19 mm Superficie del techo: 35,8 m\u00b2 Inclinaci\u00f3n del techo: 25,0\u00b0 Superficie bruta en el suelo: 20,6 m\u00b2 OPCIONAL Tela asf\u00e1ltica (capa inferior): 5 rollos, Material de cubierta SBS: 5 rollos, tejas: 8 paquetes, clavos para tejado, canalones, anclajes. Consulte Productos Opcionales en las p\u00e1ginas 324-345 para m\u00e1s detalles. Postes y vigas fuertes de madera laminada. OPCIONES DE TRATAMIENTO: Referencias: 101030: ba\u00f1o en marr\u00f3n 101032: ba\u00f1o en gris 101031: ba\u00f1o en blanco transl\u00facido 108956: imprimaci\u00f3n blanca 101029: original OPCIONAL Tela asf\u00e1ltica (capa inferior): 9 rollos, Material de cubierta SBS: 9 rollos, tejas: 14 paquetes, clavos para tejado, canalones, anclajes. Consulte Productos Opcionales en las p\u00e1ginas 324-345 para m\u00e1s detalles.","og_url":"https:\/\/inforesttimbers.com\/en\/producto\/carpot-259-206\/","og_site_name":"In-Forest Timbers","article_publisher":"https:\/\/www.facebook.com\/inforestmaderas\/","article_modified_time":"2026-01-15T08:44:26+00:00","og_image":[{"width":533,"height":419,"url":"https:\/\/inforesttimbers.com\/wp-content\/uploads\/2024\/10\/carpot_259-206.png","type":"image\/png"}],"twitter_card":"summary_large_image","twitter_misc":{"Est. reading time":"1 minute"},"schema":{"@context":"https:\/\/schema.org","@graph":[{"@type":"WebPage","@id":"https:\/\/inforesttimbers.com\/en\/producto\/carpot-259-206\/","url":"https:\/\/inforesttimbers.com\/en\/producto\/carpot-259-206\/","name":"Carport 259-20,6 - In-Forest Timbers","isPartOf":{"@id":"https:\/\/inforesttimbers.com\/en\/#website"},"primaryImageOfPage":{"@id":"https:\/\/inforesttimbers.com\/en\/producto\/carpot-259-206\/#primaryimage"},"image":{"@id":"https:\/\/inforesttimbers.com\/en\/producto\/carpot-259-206\/#primaryimage"},"thumbnailUrl":"https:\/\/inforesttimbers.com\/wp-content\/uploads\/2024\/10\/carpot_259-206.png","datePublished":"2024-10-15T07:34:30+00:00","dateModified":"2026-01-15T08:44:26+00:00","breadcrumb":{"@id":"https:\/\/inforesttimbers.com\/en\/producto\/carpot-259-206\/#breadcrumb"},"inLanguage":"en-US","potentialAction":[{"@type":"ReadAction","target":["https:\/\/inforesttimbers.com\/en\/producto\/carpot-259-206\/"]}]},{"@type":"ImageObject","inLanguage":"en-US","@id":"https:\/\/inforesttimbers.com\/en\/producto\/carpot-259-206\/#primaryimage","url":"https:\/\/inforesttimbers.com\/wp-content\/uploads\/2024\/10\/carpot_259-206.png","contentUrl":"https:\/\/inforesttimbers.com\/wp-content\/uploads\/2024\/10\/carpot_259-206.png","width":533,"height":419,"caption":"portada del carpot 259-20,6"},{"@type":"BreadcrumbList","@id":"https:\/\/inforesttimbers.com\/en\/producto\/carpot-259-206\/#breadcrumb","itemListElement":[{"@type":"ListItem","position":1,"name":"Home","item":"https:\/\/inforesttimbers.com\/en\/home\/"},{"@type":"ListItem","position":2,"name":"Products","item":"https:\/\/inforesttimbers.com\/en\/shop\/"},{"@type":"ListItem","position":3,"name":"Carport 259-20,6"}]},{"@type":"WebSite","@id":"https:\/\/inforesttimbers.com\/en\/#website","url":"https:\/\/inforesttimbers.com\/en\/","name":"In-Forest Maderas","description":"","publisher":{"@id":"https:\/\/inforesttimbers.com\/en\/#organization"},"potentialAction":[{"@type":"SearchAction","target":{"@type":"EntryPoint","urlTemplate":"https:\/\/inforesttimbers.com\/en\/?s={search_term_string}"},"query-input":{"@type":"PropertyValueSpecification","valueRequired":true,"valueName":"search_term_string"}}],"inLanguage":"en-US"},{"@type":"Organization","@id":"https:\/\/inforesttimbers.com\/en\/#organization","name":"In-Forest Maderas","url":"https:\/\/inforesttimbers.com\/en\/","logo":{"@type":"ImageObject","inLanguage":"en-US","@id":"https:\/\/inforesttimbers.com\/en\/#\/schema\/logo\/image\/","url":"https:\/\/inforesttimbers.com\/wp-content\/uploads\/2024\/09\/logo_fullsize.png","contentUrl":"https:\/\/inforesttimbers.com\/wp-content\/uploads\/2024\/09\/logo_fullsize.png","width":500,"height":96,"caption":"In-Forest Maderas"},"image":{"@id":"https:\/\/inforesttimbers.com\/en\/#\/schema\/logo\/image\/"},"sameAs":["https:\/\/www.facebook.com\/inforestmaderas\/","https:\/\/www.instagram.com\/maderas_inforest\/"]}]}},"_links":{"self":[{"href":"https:\/\/inforesttimbers.com\/en\/wp-json\/wp\/v2\/product\/620","targetHints":{"allow":["GET"]}}],"collection":[{"href":"https:\/\/inforesttimbers.com\/en\/wp-json\/wp\/v2\/product"}],"about":[{"href":"https:\/\/inforesttimbers.com\/en\/wp-json\/wp\/v2\/types\/product"}],"version-history":[{"count":2,"href":"https:\/\/inforesttimbers.com\/en\/wp-json\/wp\/v2\/product\/620\/revisions"}],"predecessor-version":[{"id":1835,"href":"https:\/\/inforesttimbers.com\/en\/wp-json\/wp\/v2\/product\/620\/revisions\/1835"}],"wp:featuredmedia":[{"embeddable":true,"href":"https:\/\/inforesttimbers.com\/en\/wp-json\/wp\/v2\/media\/621"}],"wp:attachment":[{"href":"https:\/\/inforesttimbers.com\/en\/wp-json\/wp\/v2\/media?parent=620"}],"wp:term":[{"taxonomy":"product_brand","embeddable":true,"href":"https:\/\/inforesttimbers.com\/en\/wp-json\/wp\/v2\/product_brand?post=620"},{"taxonomy":"product_cat","embeddable":true,"href":"https:\/\/inforesttimbers.com\/en\/wp-json\/wp\/v2\/product_cat?post=620"},{"taxonomy":"product_tag","embeddable":true,"href":"https:\/\/inforesttimbers.com\/en\/wp-json\/wp\/v2\/product_tag?post=620"}],"curies":[{"name":"wp","href":"https:\/\/api.w.org\/{rel}","templated":true}]}}